{"id":5087,"date":"2024-02-26T11:54:59","date_gmt":"2024-02-26T11:54:59","guid":{"rendered":"https:\/\/nidaloghouses.com\/product\/forest-daybreak\/"},"modified":"2025-06-13T13:10:14","modified_gmt":"2025-06-13T13:10:14","slug":"forest-daybreak","status":"publish","type":"product","link":"https:\/\/nidaloghouses.com\/fr\/catalogue\/maisons-residentielles-en-bois\/forest-daybreak\/","title":{"rendered":"Forest Daybreak"},"content":{"rendered":"<p>Vous recherchez un endroit magique qui vous donne envie de revenir ? Forest Daybreak est l&rsquo;une de nos plus grandes maisons en bois et constitue un lieu id\u00e9al pour se d\u00e9tendre en bonne compagnie, o\u00f9 chacun peut trouver son coin pr\u00e9f\u00e9r\u00e9 ou se retrouver tous ensemble. La chaleur du bois naturel, compl\u00e9t\u00e9e par des fen\u00eatres laissant entrer la lumi\u00e8re du jour, cr\u00e9e une atmosph\u00e8re chaleureuse qui vous connecte \u00e0 votre environnement. Quoi de mieux que de passer du temps avec vos proches dans une ambiance chaleureuse ?<\/p>\n","protected":false},"excerpt":{"rendered":"<p>Vous recherchez un endroit magique qui vous donne envie de revenir ? Forest Daybreak est l&rsquo;une de nos plus grandes maisons en bois et constitue un lieu id\u00e9al pour se d\u00e9tendre en bonne compagnie, o\u00f9 chacun peut trouver son coin pr\u00e9f\u00e9r\u00e9 ou se retrouver tous ensemble. La chaleur du bois naturel, compl\u00e9t\u00e9e par des fen\u00eatres laissant entrer la lumi\u00e8re du jour, cr\u00e9e une atmosph\u00e8re chaleureuse qui vous connecte \u00e0 votre environnement.<\/p>\n","protected":false},"featured_media":10718,"template":"","meta":{"_acf_changed":false,"inline_featured_image":false},"location":[],"type-category":[],"product_brand":[],"product_cat":[79],"product_tag":[],"class_list":{"0":"post-5087","1":"product","2":"type-product","3":"status-publish","4":"has-post-thumbnail","6":"product_cat-maisons-residentielles-en-bois","8":"first","9":"instock","10":"taxable","11":"shipping-taxable","12":"purchasable","13":"product-type-variable"},"acf":[],"_links":{"self":[{"href":"https:\/\/nidaloghouses.com\/fr\/wp-json\/wp\/v2\/product\/5087","targetHints":{"allow":["GET"]}}],"collection":[{"href":"https:\/\/nidaloghouses.com\/fr\/wp-json\/wp\/v2\/product"}],"about":[{"href":"https:\/\/nidaloghouses.com\/fr\/wp-json\/wp\/v2\/types\/product"}],"wp:featuredmedia":[{"embeddable":true,"href":"https:\/\/nidaloghouses.com\/fr\/wp-json\/wp\/v2\/media\/10718"}],"wp:attachment":[{"href":"https:\/\/nidaloghouses.com\/fr\/wp-json\/wp\/v2\/media?parent=5087"}],"wp:term":[{"taxonomy":"location","embeddable":true,"href":"https:\/\/nidaloghouses.com\/fr\/wp-json\/wp\/v2\/location?post=5087"},{"taxonomy":"type-category","embeddable":true,"href":"https:\/\/nidaloghouses.com\/fr\/wp-json\/wp\/v2\/type-category?post=5087"},{"taxonomy":"product_brand","embeddable":true,"href":"https:\/\/nidaloghouses.com\/fr\/wp-json\/wp\/v2\/product_brand?post=5087"},{"taxonomy":"product_cat","embeddable":true,"href":"https:\/\/nidaloghouses.com\/fr\/wp-json\/wp\/v2\/product_cat?post=5087"},{"taxonomy":"product_tag","embeddable":true,"href":"https:\/\/nidaloghouses.com\/fr\/wp-json\/wp\/v2\/product_tag?post=5087"}],"curies":[{"name":"wp","href":"https:\/\/api.w.org\/{rel}","templated":true}]}}