{"id":5079,"date":"2024-02-26T11:57:13","date_gmt":"2024-02-26T11:57:13","guid":{"rendered":"https:\/\/nidaloghouses.com\/product\/dreamy-dell\/"},"modified":"2025-06-13T13:03:47","modified_gmt":"2025-06-13T13:03:47","slug":"dreamy-dell","status":"publish","type":"product","link":"https:\/\/nidaloghouses.com\/fr\/catalogue\/maisons-residentielles-en-bois\/dreamy-dell\/","title":{"rendered":"Dreamy Dell"},"content":{"rendered":"<p>Quelle magnifique maison en bois ! Vous ne pourrez qu&rsquo;\u00eatre s\u00e9duit par Dreamy Dell, notre plus grand projet de maisons en bois r\u00e9sidentielles, offrant une surface habitable totale de 144 m\u00b2. Elle dispose de tout ce dont vous avez besoin pour profiter pleinement de votre temps en bonne compagnie : un salon spacieux avec une cuisine baign\u00e9e de lumi\u00e8re gr\u00e2ce \u00e0 ses nombreuses fen\u00eatres, des chambres s\u00e9par\u00e9es pratiques et m\u00eame trois terrasses situ\u00e9es sur diff\u00e9rents c\u00f4t\u00e9s de la maison.<\/p>\n","protected":false},"excerpt":{"rendered":"<p>Quelle magnifique maison en bois ! Vous ne pourrez qu&rsquo;\u00eatre s\u00e9duit par Dreamy Dell, notre plus grand projet de maisons en bois r\u00e9sidentielles, offrant une surface habitable totale de 144 m\u00b2. Elle dispose de tout ce dont vous avez besoin pour profiter pleinement de votre temps en bonne compagnie : un salon spacieux avec une cuisine baign\u00e9e de lumi\u00e8re gr\u00e2ce \u00e0 ses nombreuses fen\u00eatres, des chambres s\u00e9par\u00e9es pratiques et m\u00eame trois terrasses situ\u00e9es sur diff\u00e9rents c\u00f4t\u00e9s de la maison.<\/p>\n","protected":false},"featured_media":10699,"template":"","meta":{"_acf_changed":false,"inline_featured_image":false},"location":[],"type-category":[],"product_brand":[],"product_cat":[79],"product_tag":[80],"class_list":{"0":"post-5079","1":"product","2":"type-product","3":"status-publish","4":"has-post-thumbnail","6":"product_cat-maisons-residentielles-en-bois","7":"product_tag-residential-log-homes-fr","9":"first","10":"instock","11":"taxable","12":"shipping-taxable","13":"purchasable","14":"product-type-variable"},"acf":[],"_links":{"self":[{"href":"https:\/\/nidaloghouses.com\/fr\/wp-json\/wp\/v2\/product\/5079","targetHints":{"allow":["GET"]}}],"collection":[{"href":"https:\/\/nidaloghouses.com\/fr\/wp-json\/wp\/v2\/product"}],"about":[{"href":"https:\/\/nidaloghouses.com\/fr\/wp-json\/wp\/v2\/types\/product"}],"wp:featuredmedia":[{"embeddable":true,"href":"https:\/\/nidaloghouses.com\/fr\/wp-json\/wp\/v2\/media\/10699"}],"wp:attachment":[{"href":"https:\/\/nidaloghouses.com\/fr\/wp-json\/wp\/v2\/media?parent=5079"}],"wp:term":[{"taxonomy":"location","embeddable":true,"href":"https:\/\/nidaloghouses.com\/fr\/wp-json\/wp\/v2\/location?post=5079"},{"taxonomy":"type-category","embeddable":true,"href":"https:\/\/nidaloghouses.com\/fr\/wp-json\/wp\/v2\/type-category?post=5079"},{"taxonomy":"product_brand","embeddable":true,"href":"https:\/\/nidaloghouses.com\/fr\/wp-json\/wp\/v2\/product_brand?post=5079"},{"taxonomy":"product_cat","embeddable":true,"href":"https:\/\/nidaloghouses.com\/fr\/wp-json\/wp\/v2\/product_cat?post=5079"},{"taxonomy":"product_tag","embeddable":true,"href":"https:\/\/nidaloghouses.com\/fr\/wp-json\/wp\/v2\/product_tag?post=5079"}],"curies":[{"name":"wp","href":"https:\/\/api.w.org\/{rel}","templated":true}]}}