{"id":5059,"date":"2024-02-26T11:59:38","date_gmt":"2024-02-26T08:59:38","guid":{"rendered":"https:\/\/nidaloghouses.com\/product\/cedar-cove\/"},"modified":"2025-06-13T13:00:05","modified_gmt":"2025-06-13T13:00:05","slug":"cedar-cove","status":"publish","type":"product","link":"https:\/\/nidaloghouses.com\/fr\/catalogue\/maisons-en-bois\/cedar-cove\/","title":{"rendered":"Cedar Cove"},"content":{"rendered":"<p>Cette charmante maison en bois Cedar Cove est un havre de paix pour tous ceux qui recherchent une vie simple et tranquille dans un espace de vie de 24 m\u00b2. Avec son bois naturel et ses grandes fen\u00eatres, elle est chaleureuse et accueillante et offre une vue magnifique sur l&rsquo;ext\u00e9rieur. Trouvez votre bonheur ici, o\u00f9 simplicit\u00e9 et charme s&rsquo;allient \u00e0 confort et fonctionnalit\u00e9.<\/p>\n","protected":false},"excerpt":{"rendered":"<p>Cette charmante maison en bois Cedar Cove est un havre de paix pour tous ceux qui recherchent une vie simple et tranquille dans un espace de vie de 24 m\u00b2. Avec son bois naturel et ses grandes fen\u00eatres, elle est chaleureuse et accueillante et offre une vue magnifique sur l&rsquo;ext\u00e9rieur.<\/p>\n","protected":false},"featured_media":10871,"template":"","meta":{"_acf_changed":false,"inline_featured_image":false},"location":[],"type-category":[],"product_brand":[],"product_cat":[73],"product_tag":[74],"class_list":{"0":"post-5059","1":"product","2":"type-product","3":"status-publish","4":"has-post-thumbnail","6":"product_cat-maisons-en-bois","7":"product_tag-log-houses-fr","9":"first","10":"instock","11":"taxable","12":"shipping-taxable","13":"purchasable","14":"product-type-variable","15":"has-default-attributes"},"acf":[],"_links":{"self":[{"href":"https:\/\/nidaloghouses.com\/fr\/wp-json\/wp\/v2\/product\/5059","targetHints":{"allow":["GET"]}}],"collection":[{"href":"https:\/\/nidaloghouses.com\/fr\/wp-json\/wp\/v2\/product"}],"about":[{"href":"https:\/\/nidaloghouses.com\/fr\/wp-json\/wp\/v2\/types\/product"}],"wp:featuredmedia":[{"embeddable":true,"href":"https:\/\/nidaloghouses.com\/fr\/wp-json\/wp\/v2\/media\/10871"}],"wp:attachment":[{"href":"https:\/\/nidaloghouses.com\/fr\/wp-json\/wp\/v2\/media?parent=5059"}],"wp:term":[{"taxonomy":"location","embeddable":true,"href":"https:\/\/nidaloghouses.com\/fr\/wp-json\/wp\/v2\/location?post=5059"},{"taxonomy":"type-category","embeddable":true,"href":"https:\/\/nidaloghouses.com\/fr\/wp-json\/wp\/v2\/type-category?post=5059"},{"taxonomy":"product_brand","embeddable":true,"href":"https:\/\/nidaloghouses.com\/fr\/wp-json\/wp\/v2\/product_brand?post=5059"},{"taxonomy":"product_cat","embeddable":true,"href":"https:\/\/nidaloghouses.com\/fr\/wp-json\/wp\/v2\/product_cat?post=5059"},{"taxonomy":"product_tag","embeddable":true,"href":"https:\/\/nidaloghouses.com\/fr\/wp-json\/wp\/v2\/product_tag?post=5059"}],"curies":[{"name":"wp","href":"https:\/\/api.w.org\/{rel}","templated":true}]}}