{"id":6957,"date":"2025-07-10T11:24:20","date_gmt":"2025-07-10T08:24:20","guid":{"rendered":"https:\/\/nidaloghouses.com\/copywrite-information\/"},"modified":"2025-07-14T08:18:45","modified_gmt":"2025-07-14T05:18:45","slug":"informations-relatives-aux-droits-dauteur","status":"publish","type":"page","link":"https:\/\/nidaloghouses.com\/fr\/informations-relatives-aux-droits-dauteur\/","title":{"rendered":"Informations relatives aux droits d&rsquo;auteur"},"content":{"rendered":"<p>\u00a9 Nida Log Houses.<br \/>\nTout le contenu textuel et visuel de ce site web est la propri\u00e9t\u00e9 exclusive de [Nida Log Houses] et est prot\u00e9g\u00e9 par les lois sur le droit d&rsquo;auteur de l&rsquo;Union europ\u00e9enne, y compris la directive 2001\/29\/CE sur l&rsquo;harmonisation de certains aspects du droit d&rsquo;auteur.<br \/>\nLa reproduction, la distribution ou l&rsquo;utilisation de tout contenu, y compris les images et le texte, sans l&rsquo;accord \u00e9crit pr\u00e9alable de [Nida Log Houses] est strictement interdite.<br \/>\nToute utilisation non autoris\u00e9e peut entra\u00eener des poursuites civiles ou p\u00e9nales en vertu des lois internationales et europ\u00e9ennes applicables en mati\u00e8re de droit d&rsquo;auteur. Pour demander l&rsquo;autorisation d&rsquo;utiliser un contenu, veuillez nous contacter directement.<\/p>\n","protected":false},"excerpt":{"rendered":"<p>\u00a9 Nida Log Houses. Tout le contenu textuel et visuel de ce site web est la propri\u00e9t\u00e9 exclusive de [Nida Log Houses] et est prot\u00e9g\u00e9 par les lois sur le droit d&rsquo;auteur de l&rsquo;Union europ\u00e9enne, y compris la directive 2001\/29\/CE sur l&rsquo;harmonisation de certains aspects du droit d&rsquo;auteur. La reproduction, la distribution ou l&rsquo;utilisation de [&hellip;]<\/p>\n","protected":false},"author":3,"featured_media":0,"parent":0,"menu_order":0,"comment_status":"closed","ping_status":"closed","template":"","meta":{"_acf_changed":false,"inline_featured_image":false,"footnotes":""},"class_list":["post-6957","page","type-page","status-publish","hentry"],"acf":[],"_links":{"self":[{"href":"https:\/\/nidaloghouses.com\/fr\/wp-json\/wp\/v2\/pages\/6957","targetHints":{"allow":["GET"]}}],"collection":[{"href":"https:\/\/nidaloghouses.com\/fr\/wp-json\/wp\/v2\/pages"}],"about":[{"href":"https:\/\/nidaloghouses.com\/fr\/wp-json\/wp\/v2\/types\/page"}],"author":[{"embeddable":true,"href":"https:\/\/nidaloghouses.com\/fr\/wp-json\/wp\/v2\/users\/3"}],"replies":[{"embeddable":true,"href":"https:\/\/nidaloghouses.com\/fr\/wp-json\/wp\/v2\/comments?post=6957"}],"version-history":[{"count":3,"href":"https:\/\/nidaloghouses.com\/fr\/wp-json\/wp\/v2\/pages\/6957\/revisions"}],"predecessor-version":[{"id":6963,"href":"https:\/\/nidaloghouses.com\/fr\/wp-json\/wp\/v2\/pages\/6957\/revisions\/6963"}],"wp:attachment":[{"href":"https:\/\/nidaloghouses.com\/fr\/wp-json\/wp\/v2\/media?parent=6957"}],"curies":[{"name":"wp","href":"https:\/\/api.w.org\/{rel}","templated":true}]}}