{"id":6092,"date":"2025-06-09T05:57:56","date_gmt":"2025-06-09T02:57:56","guid":{"rendered":"https:\/\/nidaloghouses.com\/?page_id=6092"},"modified":"2025-06-10T10:23:43","modified_gmt":"2025-06-10T10:23:43","slug":"livraison","status":"publish","type":"page","link":"https:\/\/nidaloghouses.com\/fr\/livraison\/","title":{"rendered":"Livraison"},"content":{"rendered":"\r\n<h3 class=\"wp-block-heading\">CONDITIONS DE LIVRAISON<\/h3>\r\n\r\n\r\n\r\n<h4 class=\"wp-block-heading\">Destinations de livraison:<\/h4>\r\n\r\n\r\n\r\n<p>\u2022 Nous livrons au Royaume-Uni continental, en Irlande, en France et en Allemagne.<\/p>\r\n\r\n\r\n\r\n<h4 class=\"wp-block-heading\">Prix de livraison:<\/h4>\r\n\r\n\r\n\r\n<p>\u2022 Royaume-Uni \u2013 1 000 euros,<\/p>\r\n\r\n\r\n\r\n<p>\u2022 Irlande \u2013 1 200 euros,<\/p>\r\n\r\n\r\n\r\n<p>\u2022 Allemagne \u2013 800 euros,<\/p>\r\n\r\n\r\n\r\n<p>\u2022 France \u2013 990 euros.<\/p>\r\n\r\n\r\n\r\n<h4 class=\"wp-block-heading\">D\u00e9lai de livraison:<\/h4>\r\n\r\n\r\n\r\n<p>\u2022 Produits fabriqu\u00e9s selon des projets standard, sans options suppl\u00e9mentaires : 4 \u00e0 6 semaines.<\/p>\r\n\r\n\r\n\r\n<p>\u2022 Produits fabriqu\u00e9s selon des projets standard avec options suppl\u00e9mentaires : 6 \u00e0 8 semaines.<\/p>\r\n\r\n\r\n\r\n<p>\u2022 Projets sur mesure : >8 semaines.<\/p>\r\n\r\n\r\n\r\n<h4 class=\"wp-block-heading\">Processus de livraison:<\/h4>\r\n\r\n\r\n\r\n<p>\u2022 Une fois la maison pr\u00eate, nous vous enverrons une facture pour le paiement final.<\/p>\r\n\r\n\r\n\r\n<p>\u2022 D\u00e8s r\u00e9ception du paiement final, nous livrerons la maison dans un d\u00e9lai de 10 jours ouvrables.<\/p>\r\n\r\n\r\n\r\n<p>\u2022 La soci\u00e9t\u00e9 de livraison vous contactera \u00e0 l&rsquo;avance pour convenir d&rsquo;une date de livraison appropri\u00e9e. La livraison est effectu\u00e9e les jours ouvrables.<\/p>\r\n\r\n\r\n\r\n<p>\u2022 Le v\u00e9hicule de livraison arrivera aussi pr\u00e8s que possible de l&rsquo;adresse que vous nous avez indiqu\u00e9e.<\/p>\r\n\r\n\r\n\r\n<p>\u2022 La soci\u00e9t\u00e9 de livraison d\u00e9chargera la palette sur le sol, \u00e0 c\u00f4t\u00e9 de la route, \u00e0 un endroit o\u00f9 elle peut \u00eatre plac\u00e9e en toute s\u00e9curit\u00e9.<\/p>\r\n\r\n\r\n\r\n<h4 class=\"wp-block-heading\">Forme de livraison:<\/h4>\r\n\r\n\r\n\r\n<p>Nos cabanes en bois sont transport\u00e9es dans des emballages plats. Chaque colis est prot\u00e9g\u00e9 par un film r\u00e9sistant aux intemp\u00e9ries.<\/p>\r\n\r\n","protected":false},"excerpt":{"rendered":"<p>CONDITIONS DE LIVRAISON Destinations de livraison: \u2022 Nous livrons au Royaume-Uni continental, en Irlande, en France et en Allemagne. Prix de livraison: \u2022 Royaume-Uni \u2013 1 000 euros, \u2022 Irlande \u2013 1 200 euros, \u2022 Allemagne \u2013 800 euros, \u2022 France \u2013 990 euros. D\u00e9lai de livraison: \u2022 Produits fabriqu\u00e9s selon des projets standard, sans [&hellip;]<\/p>\n","protected":false},"author":5,"featured_media":0,"parent":0,"menu_order":0,"comment_status":"closed","ping_status":"closed","template":"","meta":{"_acf_changed":false,"inline_featured_image":false,"footnotes":""},"class_list":["post-6092","page","type-page","status-publish","hentry"],"acf":[],"_links":{"self":[{"href":"https:\/\/nidaloghouses.com\/fr\/wp-json\/wp\/v2\/pages\/6092","targetHints":{"allow":["GET"]}}],"collection":[{"href":"https:\/\/nidaloghouses.com\/fr\/wp-json\/wp\/v2\/pages"}],"about":[{"href":"https:\/\/nidaloghouses.com\/fr\/wp-json\/wp\/v2\/types\/page"}],"author":[{"embeddable":true,"href":"https:\/\/nidaloghouses.com\/fr\/wp-json\/wp\/v2\/users\/5"}],"replies":[{"embeddable":true,"href":"https:\/\/nidaloghouses.com\/fr\/wp-json\/wp\/v2\/comments?post=6092"}],"version-history":[{"count":1,"href":"https:\/\/nidaloghouses.com\/fr\/wp-json\/wp\/v2\/pages\/6092\/revisions"}],"predecessor-version":[{"id":6093,"href":"https:\/\/nidaloghouses.com\/fr\/wp-json\/wp\/v2\/pages\/6092\/revisions\/6093"}],"wp:attachment":[{"href":"https:\/\/nidaloghouses.com\/fr\/wp-json\/wp\/v2\/media?parent=6092"}],"curies":[{"name":"wp","href":"https:\/\/api.w.org\/{rel}","templated":true}]}}