{"id":6000,"date":"2025-06-06T07:22:26","date_gmt":"2025-06-06T04:22:26","guid":{"rendered":"https:\/\/nidaloghouses.com\/?page_id=6000"},"modified":"2025-06-10T10:12:36","modified_gmt":"2025-06-10T10:12:36","slug":"information-de-paiment","status":"publish","type":"page","link":"https:\/\/nidaloghouses.com\/fr\/information-de-paiment\/","title":{"rendered":"Informations de paiement"},"content":{"rendered":"\r\n<h3 class=\"wp-block-heading\">PROC\u00c9DURE DE PAIEMENT <\/h3>\r\n\r\n\r\n\r\n<p>1.1. L&rsquo;Acheteur peut payer les Produits en utilisant l&rsquo;un des modes de paiement suivants : <\/p>\r\n\r\n\r\n\r\n<p>1.1.1. par virement bancaire sur le compte bancaire du Vendeur ;<\/p>\r\n\r\n\r\n\r\n<p>1.1.2. par d&rsquo;autres moyens, s&rsquo;ils sont sp\u00e9cifi\u00e9s dans la Boutique en ligne. <\/p>\r\n\r\n\r\n\r\n<p>1.2. Tous les paiements sont consid\u00e9r\u00e9s comme effectu\u00e9s lorsque le montant total indiqu\u00e9 sur la facture a \u00e9t\u00e9 transf\u00e9r\u00e9 et cr\u00e9dit\u00e9 sur le compte du Vendeur. L&rsquo;Acheteur peut payer les Produits uniquement en euros.<\/p>\r\n\r\n\r\n\r\n<p>1.3. Lors de l&rsquo;achat de Produits, l&rsquo;Acheteur peut soit effectuer le paiement int\u00e9gral au moment de la commande, soit opter pour un paiement \u00e9chelonn\u00e9. En cas de paiement \u00e9chelonn\u00e9, l&rsquo;Acheteur doit verser 50 % du prix du Produit \u00e0 titre d&rsquo;acompte dans les 3 (trois) jours ouvrables suivant la passation de la commande. Le solde restant est d\u00fb apr\u00e8s la fabrication du Produit, mais au plus tard dans les 5 (cinq) jours ouvrables suivant l&rsquo;\u00e9mission de la Facture.<\/p>\r\n\r\n\r\n\r\n<p>1.4. La facture finale sera fournie \u00e0 l&rsquo;Acheteur avant la livraison, et l&rsquo;Acheteur doit la r\u00e9gler dans le d\u00e9lai indiqu\u00e9 sur la facture, conform\u00e9ment \u00e0 la clause 5.9.<\/p>\r\n\r\n\r\n\r\n<p>1.5. Si l&rsquo;Acheteur ne paie pas le solde restant dans le d\u00e9lai imparti, la livraison sera report\u00e9e. Si l&rsquo;Acheteur est en retard de plus de 30 (trente) jours dans le paiement final, le Vendeur a le droit de r\u00e9silier le Contrat pour faute de l&rsquo;Acheteur.<\/p>\r\n\r\n\r\n\r\n<p>1.6. Le prix des Produits peut \u00eatre augment\u00e9 par le Vendeur si, en raison d&rsquo;une faute de l&rsquo;Acheteur ou de circonstances non divulgu\u00e9es par l&rsquo;Acheteur au moment de la conclusion du Contrat, les sp\u00e9cifications ou les exigences de qualit\u00e9 des Produits, les conditions ou le lieu de livraison, l&rsquo;\u00e9tendue des services convenus dans le Contrat, ou d&rsquo;autres circonstances changent, ce qui entra\u00eene une augmentation des co\u00fbts du Vendeur ou lorsque l&rsquo;Acheteur ne remplit pas ses obligations contractuelles, et en cons\u00e9quence duquel le Vendeur engage des co\u00fbts suppl\u00e9mentaires.<\/p>\r\n\r\n\r\n\r\n<p>1.7. La facture avec TVA est remise \u00e0 l&rsquo;Acheteur apr\u00e8s le paiement final, c&rsquo;est-\u00e0-dire apr\u00e8s que l&rsquo;Acheteur a pay\u00e9 le prix total des Produits. Conform\u00e9ment \u00e0 la proc\u00e9dure \u00e9tablie par les actes juridiques, la facture avec TVA ou tout autre document comptable \u00e9mis par le Vendeur est fourni \u00e0 l&rsquo;Acheteur par e-mail et (ou) avec les Produits lors de la livraison. Les donn\u00e9es de la facture avec TVA ou de tout autre document pertinent sont g\u00e9n\u00e9r\u00e9es automatiquement sur la base des donn\u00e9es fournies par l&rsquo;Acheteur et ne peuvent \u00eatre modifi\u00e9es apr\u00e8s la passation de la commande.<\/p>\r\n\r\n","protected":false},"excerpt":{"rendered":"<p>PROC\u00c9DURE DE PAIEMENT 1.1. L&rsquo;Acheteur peut payer les Produits en utilisant l&rsquo;un des modes de paiement suivants : 1.1.1. par virement bancaire sur le compte bancaire du Vendeur ; 1.1.2. par d&rsquo;autres moyens, s&rsquo;ils sont sp\u00e9cifi\u00e9s dans la Boutique en ligne. 1.2. Tous les paiements sont consid\u00e9r\u00e9s comme effectu\u00e9s lorsque le montant total indiqu\u00e9 sur [&hellip;]<\/p>\n","protected":false},"author":5,"featured_media":0,"parent":0,"menu_order":0,"comment_status":"closed","ping_status":"closed","template":"","meta":{"_acf_changed":false,"inline_featured_image":false,"footnotes":""},"class_list":["post-6000","page","type-page","status-publish","hentry"],"acf":[],"_links":{"self":[{"href":"https:\/\/nidaloghouses.com\/fr\/wp-json\/wp\/v2\/pages\/6000","targetHints":{"allow":["GET"]}}],"collection":[{"href":"https:\/\/nidaloghouses.com\/fr\/wp-json\/wp\/v2\/pages"}],"about":[{"href":"https:\/\/nidaloghouses.com\/fr\/wp-json\/wp\/v2\/types\/page"}],"author":[{"embeddable":true,"href":"https:\/\/nidaloghouses.com\/fr\/wp-json\/wp\/v2\/users\/5"}],"replies":[{"embeddable":true,"href":"https:\/\/nidaloghouses.com\/fr\/wp-json\/wp\/v2\/comments?post=6000"}],"version-history":[{"count":4,"href":"https:\/\/nidaloghouses.com\/fr\/wp-json\/wp\/v2\/pages\/6000\/revisions"}],"predecessor-version":[{"id":6091,"href":"https:\/\/nidaloghouses.com\/fr\/wp-json\/wp\/v2\/pages\/6000\/revisions\/6091"}],"wp:attachment":[{"href":"https:\/\/nidaloghouses.com\/fr\/wp-json\/wp\/v2\/media?parent=6000"}],"curies":[{"name":"wp","href":"https:\/\/api.w.org\/{rel}","templated":true}]}}