{"id":9485,"date":"2025-09-26T16:13:46","date_gmt":"2025-09-26T13:13:46","guid":{"rendered":"https:\/\/nidaloghouses.com\/?post_type=product&#038;p=9485"},"modified":"2025-09-26T16:16:00","modified_gmt":"2025-09-26T13:16:00","slug":"cedar-cove-copy-2","status":"publish","type":"product","link":"https:\/\/nidaloghouses.com\/de\/catalogue\/holzhauser-fur-wohnzwecke\/cedar-cove-copy-2\/","title":{"rendered":"Cedar Cove (Copy)"},"content":{"rendered":"<p>Dieses h\u00fcbsche Blockhaus \u201eCedar Cove\u201c ist ein friedlicher R\u00fcckzugsort f\u00fcr alle, die ein einfaches, ruhiges Leben auf 24 m\u00b2 Wohnfl\u00e4che suchen. Mit seinem nat\u00fcrlichen Holz und den gro\u00dfen Fenstern wirkt es warm und einladend und bietet einen wundersch\u00f6nen Blick ins Freie. Finden Sie hier Ihr pers\u00f6nliches St\u00fcck Gl\u00fcck, wo Einfachheit und Charme auf Komfort und Funktionalit\u00e4t treffen.<\/p>\n","protected":false},"excerpt":{"rendered":"<p>Dieses h\u00fcbsche Blockhaus \u201eCedar Cove\u201c ist ein friedlicher R\u00fcckzugsort f\u00fcr alle, die ein einfaches, ruhiges Leben auf 24 m\u00b2 Wohnfl\u00e4che suchen. Mit seinem nat\u00fcrlichen Holz und den gro\u00dfen Fenstern wirkt es warm und einladend und bietet einen wundersch\u00f6nen Blick ins Freie. Finden Sie hier Ihr pers\u00f6nliches St\u00fcck Gl\u00fcck, wo Einfachheit und Charme auf Komfort und Funktionalit\u00e4t treffen.<\/p>\n","protected":false},"featured_media":3233,"template":"","meta":{"_acf_changed":false,"inline_featured_image":false},"location":[],"type-category":[],"product_brand":[],"product_cat":[75],"product_tag":[],"class_list":{"0":"post-9485","1":"product","2":"type-product","3":"status-publish","4":"has-post-thumbnail","6":"product_cat-holzhauser-fur-wohnzwecke","8":"first","9":"instock","10":"taxable","11":"shipping-taxable","12":"purchasable","13":"product-type-variable","14":"has-default-attributes"},"acf":[],"_links":{"self":[{"href":"https:\/\/nidaloghouses.com\/de\/wp-json\/wp\/v2\/product\/9485","targetHints":{"allow":["GET"]}}],"collection":[{"href":"https:\/\/nidaloghouses.com\/de\/wp-json\/wp\/v2\/product"}],"about":[{"href":"https:\/\/nidaloghouses.com\/de\/wp-json\/wp\/v2\/types\/product"}],"wp:featuredmedia":[{"embeddable":true,"href":"https:\/\/nidaloghouses.com\/de\/wp-json\/wp\/v2\/media\/3233"}],"wp:attachment":[{"href":"https:\/\/nidaloghouses.com\/de\/wp-json\/wp\/v2\/media?parent=9485"}],"wp:term":[{"taxonomy":"location","embeddable":true,"href":"https:\/\/nidaloghouses.com\/de\/wp-json\/wp\/v2\/location?post=9485"},{"taxonomy":"type-category","embeddable":true,"href":"https:\/\/nidaloghouses.com\/de\/wp-json\/wp\/v2\/type-category?post=9485"},{"taxonomy":"product_brand","embeddable":true,"href":"https:\/\/nidaloghouses.com\/de\/wp-json\/wp\/v2\/product_brand?post=9485"},{"taxonomy":"product_cat","embeddable":true,"href":"https:\/\/nidaloghouses.com\/de\/wp-json\/wp\/v2\/product_cat?post=9485"},{"taxonomy":"product_tag","embeddable":true,"href":"https:\/\/nidaloghouses.com\/de\/wp-json\/wp\/v2\/product_tag?post=9485"}],"curies":[{"name":"wp","href":"https:\/\/api.w.org\/{rel}","templated":true}]}}