{"id":5917,"date":"2023-02-21T08:06:36","date_gmt":"2023-02-21T08:06:36","guid":{"rendered":"https:\/\/nidaloghouses.com\/product\/whispering-winds\/"},"modified":"2025-06-12T12:18:15","modified_gmt":"2025-06-12T12:18:15","slug":"whispering-winds","status":"publish","type":"product","link":"https:\/\/nidaloghouses.com\/de\/catalogue\/gartenraume\/whispering-winds\/","title":{"rendered":"Whispering Winds"},"content":{"rendered":"<p>Unser kleinstes Projekt \u201eWhispering Winds\u201c ist perfekt f\u00fcr jeden Gartenbereich und wurde f\u00fcr diejenigen entworfen, die kompakte und gem\u00fctliche R\u00e4ume bevorzugen. Zwei Fenster sorgen f\u00fcr helles Tageslicht. Es sind verschiedene Modifikationen der Schuppengr\u00f6\u00dfe verf\u00fcgbar \u2013 von 10 bis 17 m\u00b2 Wohnfl\u00e4che.<\/p>\n","protected":false},"excerpt":{"rendered":"<p>Unser kleinstes Projekt \u201eWhispering Winds\u201c ist perfekt f\u00fcr jeden Gartenbereich und wurde f\u00fcr diejenigen entworfen, die kompakte und gem\u00fctliche R\u00e4ume bevorzugen. Zwei Fenster sorgen f\u00fcr helles Tageslicht. Es sind verschiedene Modifikationen der Schuppengr\u00f6\u00dfe verf\u00fcgbar \u2013 von 10 bis 17 m\u00b2 Wohnfl\u00e4che.<\/p>\n","protected":false},"featured_media":9732,"template":"","meta":{"_acf_changed":false,"inline_featured_image":false},"location":[],"type-category":[],"product_brand":[],"product_cat":[84],"product_tag":[],"class_list":{"0":"post-5917","1":"product","2":"type-product","3":"status-publish","4":"has-post-thumbnail","6":"product_cat-gartenraume","8":"first","9":"instock","10":"taxable","11":"shipping-taxable","12":"purchasable","13":"product-type-variable","14":"has-default-attributes"},"acf":[],"_links":{"self":[{"href":"https:\/\/nidaloghouses.com\/de\/wp-json\/wp\/v2\/product\/5917","targetHints":{"allow":["GET"]}}],"collection":[{"href":"https:\/\/nidaloghouses.com\/de\/wp-json\/wp\/v2\/product"}],"about":[{"href":"https:\/\/nidaloghouses.com\/de\/wp-json\/wp\/v2\/types\/product"}],"wp:featuredmedia":[{"embeddable":true,"href":"https:\/\/nidaloghouses.com\/de\/wp-json\/wp\/v2\/media\/9732"}],"wp:attachment":[{"href":"https:\/\/nidaloghouses.com\/de\/wp-json\/wp\/v2\/media?parent=5917"}],"wp:term":[{"taxonomy":"location","embeddable":true,"href":"https:\/\/nidaloghouses.com\/de\/wp-json\/wp\/v2\/location?post=5917"},{"taxonomy":"type-category","embeddable":true,"href":"https:\/\/nidaloghouses.com\/de\/wp-json\/wp\/v2\/type-category?post=5917"},{"taxonomy":"product_brand","embeddable":true,"href":"https:\/\/nidaloghouses.com\/de\/wp-json\/wp\/v2\/product_brand?post=5917"},{"taxonomy":"product_cat","embeddable":true,"href":"https:\/\/nidaloghouses.com\/de\/wp-json\/wp\/v2\/product_cat?post=5917"},{"taxonomy":"product_tag","embeddable":true,"href":"https:\/\/nidaloghouses.com\/de\/wp-json\/wp\/v2\/product_tag?post=5917"}],"curies":[{"name":"wp","href":"https:\/\/api.w.org\/{rel}","templated":true}]}}