{"id":5884,"date":"2024-02-13T11:08:32","date_gmt":"2024-02-13T11:08:32","guid":{"rendered":"https:\/\/nidaloghouses.com\/product\/rising-sun-retreat\/"},"modified":"2025-06-12T12:14:58","modified_gmt":"2025-06-12T12:14:58","slug":"rising-sun-retreat","status":"publish","type":"product","link":"https:\/\/nidaloghouses.com\/de\/catalogue\/gartenraume\/rising-sun-retreat\/","title":{"rendered":"Rising Sun Retreat"},"content":{"rendered":"<p>\u201eRising Sun Retreat\u201c ist so konzipiert, dass Sie sich in Ihrem Garten ganz entspannt erholen k\u00f6nnen. Ein klassischer Gartensaal mit zwei Fenstern an verschiedenen Seiten sorgt f\u00fcr Helligkeit und Gem\u00fctlichkeit. Die Blockh\u00fctte ist in verschiedenen Gr\u00f6\u00dfen erh\u00e4ltlich: mit einer Wohnfl\u00e4che von 10 bis 32 m\u00b2.<\/p>\n","protected":false},"excerpt":{"rendered":"<p>\u201eRising Sun Retreat\u201c ist so konzipiert, dass Sie sich in Ihrem Garten ganz entspannt erholen k\u00f6nnen. Ein klassischer Gartensaal mit zwei Fenstern an verschiedenen Seiten sorgt f\u00fcr Helligkeit und Gem\u00fctlichkeit. Die Blockh\u00fctte ist in verschiedenen Gr\u00f6\u00dfen erh\u00e4ltlich: mit einer Wohnfl\u00e4che von 10 bis 32 m\u00b2.<\/p>\n","protected":false},"featured_media":9738,"template":"","meta":{"_acf_changed":false,"inline_featured_image":false},"location":[],"type-category":[],"product_brand":[],"product_cat":[84],"product_tag":[],"class_list":{"0":"post-5884","1":"product","2":"type-product","3":"status-publish","4":"has-post-thumbnail","6":"product_cat-gartenraume","8":"first","9":"instock","10":"taxable","11":"shipping-taxable","12":"purchasable","13":"product-type-variable","14":"has-default-attributes"},"acf":[],"_links":{"self":[{"href":"https:\/\/nidaloghouses.com\/de\/wp-json\/wp\/v2\/product\/5884","targetHints":{"allow":["GET"]}}],"collection":[{"href":"https:\/\/nidaloghouses.com\/de\/wp-json\/wp\/v2\/product"}],"about":[{"href":"https:\/\/nidaloghouses.com\/de\/wp-json\/wp\/v2\/types\/product"}],"wp:featuredmedia":[{"embeddable":true,"href":"https:\/\/nidaloghouses.com\/de\/wp-json\/wp\/v2\/media\/9738"}],"wp:attachment":[{"href":"https:\/\/nidaloghouses.com\/de\/wp-json\/wp\/v2\/media?parent=5884"}],"wp:term":[{"taxonomy":"location","embeddable":true,"href":"https:\/\/nidaloghouses.com\/de\/wp-json\/wp\/v2\/location?post=5884"},{"taxonomy":"type-category","embeddable":true,"href":"https:\/\/nidaloghouses.com\/de\/wp-json\/wp\/v2\/type-category?post=5884"},{"taxonomy":"product_brand","embeddable":true,"href":"https:\/\/nidaloghouses.com\/de\/wp-json\/wp\/v2\/product_brand?post=5884"},{"taxonomy":"product_cat","embeddable":true,"href":"https:\/\/nidaloghouses.com\/de\/wp-json\/wp\/v2\/product_cat?post=5884"},{"taxonomy":"product_tag","embeddable":true,"href":"https:\/\/nidaloghouses.com\/de\/wp-json\/wp\/v2\/product_tag?post=5884"}],"curies":[{"name":"wp","href":"https:\/\/api.w.org\/{rel}","templated":true}]}}