{"id":5865,"date":"2024-02-13T11:39:43","date_gmt":"2024-02-13T11:39:43","guid":{"rendered":"https:\/\/nidaloghouses.com\/product\/moonlit-meadow\/"},"modified":"2025-06-12T12:13:38","modified_gmt":"2025-06-12T12:13:38","slug":"moonlit-meadow","status":"publish","type":"product","link":"https:\/\/nidaloghouses.com\/de\/catalogue\/blockhutten\/moonlit-meadow\/","title":{"rendered":"Moonlit Meadow"},"content":{"rendered":"<p>Wenn Sie auf der Suche nach einem mittelgro\u00dfen Blockhaus sind, ist \u201eMoonlit Meadow\u201c die beste Wahl, um Ihren Traum zu verwirklichen. Das unglaublich helle und ger\u00e4umige Haus mit vier Fenstern an drei verschiedenen Seiten und doppelten Glast\u00fcren wird Sie immer wieder zur\u00fcckkehren lassen. Das Blockhaus ist in verschiedenen Gr\u00f6\u00dfen erh\u00e4ltlich: von 20 bis 22 m\u00b2 Wohnfl\u00e4che.<\/p>\n","protected":false},"excerpt":{"rendered":"<p>Wenn Sie auf der Suche nach einer mittelgro\u00dfen Blockh\u00fctte sind, ist \u201eMoonlit Meadow\u201c die beste Wahl, um Ihren Traum zu verwirklichen. Die H\u00fctte ist in verschiedenen Gr\u00f6\u00dfen erh\u00e4ltlich: mit einer Wohnfl\u00e4che von 20 bis 22 m\u00b2.<\/p>\n","protected":false},"featured_media":9744,"template":"","meta":{"_acf_changed":false,"inline_featured_image":false},"location":[],"type-category":[],"product_brand":[],"product_cat":[82],"product_tag":[],"class_list":{"0":"post-5865","1":"product","2":"type-product","3":"status-publish","4":"has-post-thumbnail","6":"product_cat-blockhutten","8":"first","9":"instock","10":"taxable","11":"shipping-taxable","12":"purchasable","13":"product-type-variable","14":"has-default-attributes"},"acf":[],"_links":{"self":[{"href":"https:\/\/nidaloghouses.com\/de\/wp-json\/wp\/v2\/product\/5865","targetHints":{"allow":["GET"]}}],"collection":[{"href":"https:\/\/nidaloghouses.com\/de\/wp-json\/wp\/v2\/product"}],"about":[{"href":"https:\/\/nidaloghouses.com\/de\/wp-json\/wp\/v2\/types\/product"}],"wp:featuredmedia":[{"embeddable":true,"href":"https:\/\/nidaloghouses.com\/de\/wp-json\/wp\/v2\/media\/9744"}],"wp:attachment":[{"href":"https:\/\/nidaloghouses.com\/de\/wp-json\/wp\/v2\/media?parent=5865"}],"wp:term":[{"taxonomy":"location","embeddable":true,"href":"https:\/\/nidaloghouses.com\/de\/wp-json\/wp\/v2\/location?post=5865"},{"taxonomy":"type-category","embeddable":true,"href":"https:\/\/nidaloghouses.com\/de\/wp-json\/wp\/v2\/type-category?post=5865"},{"taxonomy":"product_brand","embeddable":true,"href":"https:\/\/nidaloghouses.com\/de\/wp-json\/wp\/v2\/product_brand?post=5865"},{"taxonomy":"product_cat","embeddable":true,"href":"https:\/\/nidaloghouses.com\/de\/wp-json\/wp\/v2\/product_cat?post=5865"},{"taxonomy":"product_tag","embeddable":true,"href":"https:\/\/nidaloghouses.com\/de\/wp-json\/wp\/v2\/product_tag?post=5865"}],"curies":[{"name":"wp","href":"https:\/\/api.w.org\/{rel}","templated":true}]}}