{"id":5846,"date":"2024-02-13T11:47:08","date_gmt":"2024-02-13T11:47:08","guid":{"rendered":"https:\/\/nidaloghouses.com\/product\/golden-leaf-cabin\/"},"modified":"2025-06-12T12:12:13","modified_gmt":"2025-06-12T12:12:13","slug":"golden-leaf-cabin","status":"publish","type":"product","link":"https:\/\/nidaloghouses.com\/de\/catalogue\/gartenraume\/golden-leaf-cabin\/","title":{"rendered":"Golden Leaf Cabin"},"content":{"rendered":"<p>Perfekt zum Entspannen, als Gartenhaus oder vielleicht als B\u00fcro \u2013 \u201eGolden Leaf Cabin\u201c ist ein ger\u00e4umiges Blockhaus mit viel Tageslicht. Die Helligkeit kommt durch Doppelt\u00fcren mit Glasf\u00fcllungen und gr\u00f6\u00dferen Fenstern an zwei Seiten des Hauses. F\u00fcr dieses Modell sind zahlreiche Modifikationen m\u00f6glich: von 10 bis 32 m\u00b2 Wohnfl\u00e4che.<\/p>\n","protected":false},"excerpt":{"rendered":"<p>Perfekt zum Entspannen, als Gartenhaus oder vielleicht als B\u00fcro \u2013 die \u201eGolden Leaf Cabin\u201c ist eine ger\u00e4umige Blockh\u00fctte mit viel Tageslicht. F\u00fcr dieses Modell sind zahlreiche Modifikationen verf\u00fcgbar: von 10 bis 32 m\u00b2 Wohnfl\u00e4che.<\/p>\n","protected":false},"featured_media":9760,"template":"","meta":{"_acf_changed":false,"inline_featured_image":false},"location":[],"type-category":[],"product_brand":[],"product_cat":[84],"product_tag":[],"class_list":{"0":"post-5846","1":"product","2":"type-product","3":"status-publish","4":"has-post-thumbnail","6":"product_cat-gartenraume","8":"first","9":"instock","10":"taxable","11":"shipping-taxable","12":"purchasable","13":"product-type-variable"},"acf":[],"_links":{"self":[{"href":"https:\/\/nidaloghouses.com\/de\/wp-json\/wp\/v2\/product\/5846","targetHints":{"allow":["GET"]}}],"collection":[{"href":"https:\/\/nidaloghouses.com\/de\/wp-json\/wp\/v2\/product"}],"about":[{"href":"https:\/\/nidaloghouses.com\/de\/wp-json\/wp\/v2\/types\/product"}],"wp:featuredmedia":[{"embeddable":true,"href":"https:\/\/nidaloghouses.com\/de\/wp-json\/wp\/v2\/media\/9760"}],"wp:attachment":[{"href":"https:\/\/nidaloghouses.com\/de\/wp-json\/wp\/v2\/media?parent=5846"}],"wp:term":[{"taxonomy":"location","embeddable":true,"href":"https:\/\/nidaloghouses.com\/de\/wp-json\/wp\/v2\/location?post=5846"},{"taxonomy":"type-category","embeddable":true,"href":"https:\/\/nidaloghouses.com\/de\/wp-json\/wp\/v2\/type-category?post=5846"},{"taxonomy":"product_brand","embeddable":true,"href":"https:\/\/nidaloghouses.com\/de\/wp-json\/wp\/v2\/product_brand?post=5846"},{"taxonomy":"product_cat","embeddable":true,"href":"https:\/\/nidaloghouses.com\/de\/wp-json\/wp\/v2\/product_cat?post=5846"},{"taxonomy":"product_tag","embeddable":true,"href":"https:\/\/nidaloghouses.com\/de\/wp-json\/wp\/v2\/product_tag?post=5846"}],"curies":[{"name":"wp","href":"https:\/\/api.w.org\/{rel}","templated":true}]}}