{"id":5817,"date":"2024-02-13T12:25:57","date_gmt":"2024-02-13T12:25:57","guid":{"rendered":"https:\/\/nidaloghouses.com\/product\/twilight-garden\/"},"modified":"2025-06-12T12:10:49","modified_gmt":"2025-06-12T12:10:49","slug":"twilight-garden","status":"publish","type":"product","link":"https:\/\/nidaloghouses.com\/de\/catalogue\/gartenraume\/twilight-garden\/","title":{"rendered":"Twilight Garden"},"content":{"rendered":"<p>Twilight Garden eignet sich hervorragend als kompaktes Haus und Blockhaus f\u00fcr alle, die Nat\u00fcrlichkeit und Schlichtheit bevorzugen, mit einseitigen Glast\u00fcren und drei Fenstern an zwei Seiten des Geb\u00e4udes. Sie k\u00f6nnen zwischen verschiedenen Geb\u00e4udegr\u00f6\u00dfen w\u00e4hlen: von 10 bis 32 m\u00b2 Wohnfl\u00e4che. Die nat\u00fcrliche Sch\u00f6nheit des Holzes wird durch das warme, einladende Ambiente des Innenraums erg\u00e4nzt und schafft einen wirklich einzigartigen und unvergesslichen Wohnraum.<\/p>\n","protected":false},"excerpt":{"rendered":"<p>Twilight Garden eignet sich hervorragend als kompaktes Haus und Blockhaus f\u00fcr alle, die Nat\u00fcrlichkeit und Schlichtheit bevorzugen, mit einseitigen Glast\u00fcren und drei Fenstern an zwei Seiten des Geb\u00e4udes. Sie k\u00f6nnen zwischen verschiedenen Geb\u00e4udegr\u00f6\u00dfen w\u00e4hlen: von 10 bis 32 m\u00b2 Wohnfl\u00e4che.<\/p>\n","protected":false},"featured_media":9826,"template":"","meta":{"_acf_changed":false,"inline_featured_image":false},"location":[],"type-category":[],"product_brand":[],"product_cat":[84],"product_tag":[],"class_list":{"0":"post-5817","1":"product","2":"type-product","3":"status-publish","4":"has-post-thumbnail","6":"product_cat-gartenraume","8":"first","9":"instock","10":"taxable","11":"shipping-taxable","12":"purchasable","13":"product-type-variable"},"acf":[],"_links":{"self":[{"href":"https:\/\/nidaloghouses.com\/de\/wp-json\/wp\/v2\/product\/5817","targetHints":{"allow":["GET"]}}],"collection":[{"href":"https:\/\/nidaloghouses.com\/de\/wp-json\/wp\/v2\/product"}],"about":[{"href":"https:\/\/nidaloghouses.com\/de\/wp-json\/wp\/v2\/types\/product"}],"wp:featuredmedia":[{"embeddable":true,"href":"https:\/\/nidaloghouses.com\/de\/wp-json\/wp\/v2\/media\/9826"}],"wp:attachment":[{"href":"https:\/\/nidaloghouses.com\/de\/wp-json\/wp\/v2\/media?parent=5817"}],"wp:term":[{"taxonomy":"location","embeddable":true,"href":"https:\/\/nidaloghouses.com\/de\/wp-json\/wp\/v2\/location?post=5817"},{"taxonomy":"type-category","embeddable":true,"href":"https:\/\/nidaloghouses.com\/de\/wp-json\/wp\/v2\/type-category?post=5817"},{"taxonomy":"product_brand","embeddable":true,"href":"https:\/\/nidaloghouses.com\/de\/wp-json\/wp\/v2\/product_brand?post=5817"},{"taxonomy":"product_cat","embeddable":true,"href":"https:\/\/nidaloghouses.com\/de\/wp-json\/wp\/v2\/product_cat?post=5817"},{"taxonomy":"product_tag","embeddable":true,"href":"https:\/\/nidaloghouses.com\/de\/wp-json\/wp\/v2\/product_tag?post=5817"}],"curies":[{"name":"wp","href":"https:\/\/api.w.org\/{rel}","templated":true}]}}