{"id":5788,"date":"2024-02-22T09:28:38","date_gmt":"2024-02-22T09:28:38","guid":{"rendered":"https:\/\/nidaloghouses.com\/product\/morning-dew\/"},"modified":"2025-06-12T12:08:49","modified_gmt":"2025-06-12T12:08:49","slug":"morning-dew","status":"publish","type":"product","link":"https:\/\/nidaloghouses.com\/de\/catalogue\/gartenraume\/morning-dew\/","title":{"rendered":"Morning Dew"},"content":{"rendered":"<p>Es gibt nichts Sch\u00f6neres, als eine sch\u00f6ne Zeit inmitten der Natur und im Komfort Ihres eigenen Zuhauses zu verbringen. Die ger\u00e4umige Blockh\u00fctte \u201eMorning Dew\u201c im klassischen Stil mit doppelseitigen Glast\u00fcren und drei kleineren Fenstern bietet alles, was Sie brauchen. NIDA6 ist vielseitig und in verschiedenen Gr\u00f6\u00dfen erh\u00e4ltlich: von 10 bis 32 m\u00b2 Wohnfl\u00e4che.<\/p>\n","protected":false},"excerpt":{"rendered":"<p>Die ger\u00e4umige Blockh\u00fctte \u201eMorning Dew\u201c im klassischen Stil mit doppelseitigen Glast\u00fcren und drei kleineren Fenstern bietet alles, was Sie brauchen. Wohnfl\u00e4che von 10 bis 32 m\u00b2.<\/p>\n","protected":false},"featured_media":9892,"template":"","meta":{"_acf_changed":false,"inline_featured_image":false},"location":[],"type-category":[],"product_brand":[],"product_cat":[84],"product_tag":[],"class_list":{"0":"post-5788","1":"product","2":"type-product","3":"status-publish","4":"has-post-thumbnail","6":"product_cat-gartenraume","8":"first","9":"instock","10":"taxable","11":"shipping-taxable","12":"purchasable","13":"product-type-variable"},"acf":[],"_links":{"self":[{"href":"https:\/\/nidaloghouses.com\/de\/wp-json\/wp\/v2\/product\/5788","targetHints":{"allow":["GET"]}}],"collection":[{"href":"https:\/\/nidaloghouses.com\/de\/wp-json\/wp\/v2\/product"}],"about":[{"href":"https:\/\/nidaloghouses.com\/de\/wp-json\/wp\/v2\/types\/product"}],"wp:featuredmedia":[{"embeddable":true,"href":"https:\/\/nidaloghouses.com\/de\/wp-json\/wp\/v2\/media\/9892"}],"wp:attachment":[{"href":"https:\/\/nidaloghouses.com\/de\/wp-json\/wp\/v2\/media?parent=5788"}],"wp:term":[{"taxonomy":"location","embeddable":true,"href":"https:\/\/nidaloghouses.com\/de\/wp-json\/wp\/v2\/location?post=5788"},{"taxonomy":"type-category","embeddable":true,"href":"https:\/\/nidaloghouses.com\/de\/wp-json\/wp\/v2\/type-category?post=5788"},{"taxonomy":"product_brand","embeddable":true,"href":"https:\/\/nidaloghouses.com\/de\/wp-json\/wp\/v2\/product_brand?post=5788"},{"taxonomy":"product_cat","embeddable":true,"href":"https:\/\/nidaloghouses.com\/de\/wp-json\/wp\/v2\/product_cat?post=5788"},{"taxonomy":"product_tag","embeddable":true,"href":"https:\/\/nidaloghouses.com\/de\/wp-json\/wp\/v2\/product_tag?post=5788"}],"curies":[{"name":"wp","href":"https:\/\/api.w.org\/{rel}","templated":true}]}}