{"id":5765,"date":"2024-02-22T13:16:33","date_gmt":"2024-02-22T13:16:33","guid":{"rendered":"https:\/\/nidaloghouses.com\/product\/sunset-summit\/"},"modified":"2025-06-12T12:06:57","modified_gmt":"2025-06-12T12:06:57","slug":"sunset-summit","status":"publish","type":"product","link":"https:\/\/nidaloghouses.com\/de\/catalogue\/blockhauser\/sunset-summit\/","title":{"rendered":"Sunset Summit"},"content":{"rendered":"<p>Sunset Summit ist eines unserer gr\u00f6\u00dferen Blockhausmodelle mit zwei separaten Schlafzimmern. Das nat\u00fcrliche Licht, das durch f\u00fcnf Fenster sowie durch verglaste T\u00fcren und einen gro\u00dfz\u00fcgigen Wohnbereich hereinstr\u00f6mt, schafft auch bei Regenwetter eine perfekte Atmosph\u00e4re f\u00fcr Ihre Freizeit. Das Blockhaus ist in zwei Gr\u00f6\u00dfen erh\u00e4ltlich: mit einer Wohnfl\u00e4che von 25 bis 32 m\u00b2.<\/p>\n","protected":false},"excerpt":{"rendered":"<p>Sunset Summit ist eines unserer gr\u00f6\u00dferen Blockhausmodelle mit zwei separaten Schlafzimmern. Die H\u00fctte ist in zwei Gr\u00f6\u00dfen erh\u00e4ltlich: mit einer Wohnfl\u00e4che von 25 bis 32 m\u00b2.<\/p>\n","protected":false},"featured_media":9961,"template":"","meta":{"_acf_changed":false,"inline_featured_image":false},"location":[],"type-category":[],"product_brand":[],"product_cat":[77],"product_tag":[],"class_list":{"0":"post-5765","1":"product","2":"type-product","3":"status-publish","4":"has-post-thumbnail","6":"product_cat-blockhauser","8":"first","9":"instock","10":"taxable","11":"shipping-taxable","12":"purchasable","13":"product-type-variable"},"acf":[],"_links":{"self":[{"href":"https:\/\/nidaloghouses.com\/de\/wp-json\/wp\/v2\/product\/5765","targetHints":{"allow":["GET"]}}],"collection":[{"href":"https:\/\/nidaloghouses.com\/de\/wp-json\/wp\/v2\/product"}],"about":[{"href":"https:\/\/nidaloghouses.com\/de\/wp-json\/wp\/v2\/types\/product"}],"wp:featuredmedia":[{"embeddable":true,"href":"https:\/\/nidaloghouses.com\/de\/wp-json\/wp\/v2\/media\/9961"}],"wp:attachment":[{"href":"https:\/\/nidaloghouses.com\/de\/wp-json\/wp\/v2\/media?parent=5765"}],"wp:term":[{"taxonomy":"location","embeddable":true,"href":"https:\/\/nidaloghouses.com\/de\/wp-json\/wp\/v2\/location?post=5765"},{"taxonomy":"type-category","embeddable":true,"href":"https:\/\/nidaloghouses.com\/de\/wp-json\/wp\/v2\/type-category?post=5765"},{"taxonomy":"product_brand","embeddable":true,"href":"https:\/\/nidaloghouses.com\/de\/wp-json\/wp\/v2\/product_brand?post=5765"},{"taxonomy":"product_cat","embeddable":true,"href":"https:\/\/nidaloghouses.com\/de\/wp-json\/wp\/v2\/product_cat?post=5765"},{"taxonomy":"product_tag","embeddable":true,"href":"https:\/\/nidaloghouses.com\/de\/wp-json\/wp\/v2\/product_tag?post=5765"}],"curies":[{"name":"wp","href":"https:\/\/api.w.org\/{rel}","templated":true}]}}