{"id":5740,"date":"2024-02-25T16:35:33","date_gmt":"2024-02-25T16:35:33","guid":{"rendered":"https:\/\/nidaloghouses.com\/product\/woodland-elegance\/"},"modified":"2025-06-12T12:05:52","modified_gmt":"2025-06-12T12:05:52","slug":"woodland-elegance","status":"publish","type":"product","link":"https:\/\/nidaloghouses.com\/de\/catalogue\/blockhauser\/woodland-elegance\/","title":{"rendered":"Woodland Elegance"},"content":{"rendered":"<p>\u201eWoodland Elegance\u201c ist ein komfortables und ger\u00e4umiges traditionelles Blockhaus mit einem gro\u00dfen Wohnbereich und zwei Schlafzimmern. Es ist eines unserer gr\u00f6\u00dferen Ferienh\u00e4user und in verschiedenen Gr\u00f6\u00dfen mit einer Wohnfl\u00e4che von 26 bis 43 m\u00b2 erh\u00e4ltlich. Der Hauptwohnbereich verf\u00fcgt \u00fcber drei Fenster an verschiedenen Seiten, sodass den ganzen Tag \u00fcber Tageslicht in das Ferienhaus f\u00e4llt, w\u00e4hrend Sie Ihre Zeit in diesem wundersch\u00f6nen Ferienhaus aus hochwertigem Naturholz genie\u00dfen.<\/p>\n","protected":false},"excerpt":{"rendered":"<p>\u201eWoodland Elegance\u201c ist ein komfortables und ger\u00e4umiges traditionelles Blockhaus mit einem gro\u00dfen Wohnbereich und zwei Schlafzimmern. Es ist eines unserer gr\u00f6\u00dferen Ferienh\u00e4user und in verschiedenen Gr\u00f6\u00dfen mit einer Wohnfl\u00e4che von 26 bis 43 m\u00b2 erh\u00e4ltlich.<\/p>\n","protected":false},"featured_media":10013,"template":"","meta":{"_acf_changed":false,"inline_featured_image":false},"location":[],"type-category":[],"product_brand":[],"product_cat":[77],"product_tag":[],"class_list":{"0":"post-5740","1":"product","2":"type-product","3":"status-publish","4":"has-post-thumbnail","6":"product_cat-blockhauser","8":"first","9":"instock","10":"taxable","11":"shipping-taxable","12":"purchasable","13":"product-type-variable"},"acf":[],"_links":{"self":[{"href":"https:\/\/nidaloghouses.com\/de\/wp-json\/wp\/v2\/product\/5740","targetHints":{"allow":["GET"]}}],"collection":[{"href":"https:\/\/nidaloghouses.com\/de\/wp-json\/wp\/v2\/product"}],"about":[{"href":"https:\/\/nidaloghouses.com\/de\/wp-json\/wp\/v2\/types\/product"}],"wp:featuredmedia":[{"embeddable":true,"href":"https:\/\/nidaloghouses.com\/de\/wp-json\/wp\/v2\/media\/10013"}],"wp:attachment":[{"href":"https:\/\/nidaloghouses.com\/de\/wp-json\/wp\/v2\/media?parent=5740"}],"wp:term":[{"taxonomy":"location","embeddable":true,"href":"https:\/\/nidaloghouses.com\/de\/wp-json\/wp\/v2\/location?post=5740"},{"taxonomy":"type-category","embeddable":true,"href":"https:\/\/nidaloghouses.com\/de\/wp-json\/wp\/v2\/type-category?post=5740"},{"taxonomy":"product_brand","embeddable":true,"href":"https:\/\/nidaloghouses.com\/de\/wp-json\/wp\/v2\/product_brand?post=5740"},{"taxonomy":"product_cat","embeddable":true,"href":"https:\/\/nidaloghouses.com\/de\/wp-json\/wp\/v2\/product_cat?post=5740"},{"taxonomy":"product_tag","embeddable":true,"href":"https:\/\/nidaloghouses.com\/de\/wp-json\/wp\/v2\/product_tag?post=5740"}],"curies":[{"name":"wp","href":"https:\/\/api.w.org\/{rel}","templated":true}]}}