{"id":5719,"date":"2024-02-25T16:58:28","date_gmt":"2024-02-25T16:58:28","guid":{"rendered":"https:\/\/nidaloghouses.com\/product\/lakeside-serenity\/"},"modified":"2025-06-12T12:04:47","modified_gmt":"2025-06-12T12:04:47","slug":"lakeside-serenity","status":"publish","type":"product","link":"https:\/\/nidaloghouses.com\/de\/catalogue\/blockhutten\/lakeside-serenity\/","title":{"rendered":"Lakeside Serenity"},"content":{"rendered":"<p>Das wundersch\u00f6ne und elegant kompakte Blockhaus Lakeside Serenity mit seinem stilvollen Schr\u00e4gdach verf\u00fcgt \u00fcber gro\u00dfe Fenster an drei Seiten und sch\u00f6ne doppelt verglaste T\u00fcren. Dadurch wirkt es sehr ger\u00e4umig und bietet einen herrlichen Blick auf die sch\u00f6ne Umgebung. Lakeside Serenity ist in folgenden Gr\u00f6\u00dfen erh\u00e4ltlich: 22 bis 28 m\u00b2 Wohnfl\u00e4che.<\/p>\n","protected":false},"excerpt":{"rendered":"<p>Das wundersch\u00f6ne und elegant kompakte Blockhaus Lakeside Serenity mit seinem stilvollen Schr\u00e4gdach verf\u00fcgt \u00fcber gro\u00dfe Fenster an drei Seiten und sch\u00f6ne doppelte Glast\u00fcren. Lakeside Serenity ist in folgenden Gr\u00f6\u00dfen erh\u00e4ltlich: von 22 bis 28 m\u00b2 Wohnfl\u00e4che.<\/p>\n","protected":false},"featured_media":10042,"template":"","meta":{"_acf_changed":false,"inline_featured_image":false},"location":[],"type-category":[],"product_brand":[],"product_cat":[82],"product_tag":[],"class_list":{"0":"post-5719","1":"product","2":"type-product","3":"status-publish","4":"has-post-thumbnail","6":"product_cat-blockhutten","8":"first","9":"instock","10":"taxable","11":"shipping-taxable","12":"purchasable","13":"product-type-variable"},"acf":[],"_links":{"self":[{"href":"https:\/\/nidaloghouses.com\/de\/wp-json\/wp\/v2\/product\/5719","targetHints":{"allow":["GET"]}}],"collection":[{"href":"https:\/\/nidaloghouses.com\/de\/wp-json\/wp\/v2\/product"}],"about":[{"href":"https:\/\/nidaloghouses.com\/de\/wp-json\/wp\/v2\/types\/product"}],"wp:featuredmedia":[{"embeddable":true,"href":"https:\/\/nidaloghouses.com\/de\/wp-json\/wp\/v2\/media\/10042"}],"wp:attachment":[{"href":"https:\/\/nidaloghouses.com\/de\/wp-json\/wp\/v2\/media?parent=5719"}],"wp:term":[{"taxonomy":"location","embeddable":true,"href":"https:\/\/nidaloghouses.com\/de\/wp-json\/wp\/v2\/location?post=5719"},{"taxonomy":"type-category","embeddable":true,"href":"https:\/\/nidaloghouses.com\/de\/wp-json\/wp\/v2\/type-category?post=5719"},{"taxonomy":"product_brand","embeddable":true,"href":"https:\/\/nidaloghouses.com\/de\/wp-json\/wp\/v2\/product_brand?post=5719"},{"taxonomy":"product_cat","embeddable":true,"href":"https:\/\/nidaloghouses.com\/de\/wp-json\/wp\/v2\/product_cat?post=5719"},{"taxonomy":"product_tag","embeddable":true,"href":"https:\/\/nidaloghouses.com\/de\/wp-json\/wp\/v2\/product_tag?post=5719"}],"curies":[{"name":"wp","href":"https:\/\/api.w.org\/{rel}","templated":true}]}}