{"id":5711,"date":"2024-02-25T17:07:47","date_gmt":"2024-02-25T17:07:47","guid":{"rendered":"https:\/\/nidaloghouses.com\/product\/evergreen-retreat\/"},"modified":"2025-06-12T12:03:31","modified_gmt":"2025-06-12T12:03:31","slug":"evergreen-retreat","status":"publish","type":"product","link":"https:\/\/nidaloghouses.com\/de\/catalogue\/blockhutten\/evergreen-retreat\/","title":{"rendered":"Evergreen Retreat"},"content":{"rendered":"<p>Das h\u00fcbsche Blockhaus Evergreen Retreat ist f\u00fcr alle, die eine kompakte Atmosph\u00e4re sch\u00e4tzen. Vier Fenster an drei Seiten sorgen f\u00fcr viel Tageslicht im 22 m\u00b2 gro\u00dfen Wohnbereich, der durch die gro\u00dfz\u00fcgige Terrasse erg\u00e4nzt wird. Es ist perfekt zum Entspannen bei jedem Wetter.<\/p>\n","protected":false},"excerpt":{"rendered":"<p>Das h\u00fcbsche Blockhaus Evergreen Retreat ist f\u00fcr alle, die eine kompakte Atmosph\u00e4re sch\u00e4tzen. Vier Fenster an drei Seiten sorgen f\u00fcr viel Tageslicht im 22 m\u00b2 gro\u00dfen Wohnbereich, der durch die gro\u00dfz\u00fcgige Terrasse erg\u00e4nzt wird. <\/p>\n","protected":false},"featured_media":10068,"template":"","meta":{"_acf_changed":false,"inline_featured_image":false},"location":[],"type-category":[],"product_brand":[],"product_cat":[82],"product_tag":[],"class_list":{"0":"post-5711","1":"product","2":"type-product","3":"status-publish","4":"has-post-thumbnail","6":"product_cat-blockhutten","8":"first","9":"instock","10":"taxable","11":"shipping-taxable","12":"purchasable","13":"product-type-variable"},"acf":[],"_links":{"self":[{"href":"https:\/\/nidaloghouses.com\/de\/wp-json\/wp\/v2\/product\/5711","targetHints":{"allow":["GET"]}}],"collection":[{"href":"https:\/\/nidaloghouses.com\/de\/wp-json\/wp\/v2\/product"}],"about":[{"href":"https:\/\/nidaloghouses.com\/de\/wp-json\/wp\/v2\/types\/product"}],"wp:featuredmedia":[{"embeddable":true,"href":"https:\/\/nidaloghouses.com\/de\/wp-json\/wp\/v2\/media\/10068"}],"wp:attachment":[{"href":"https:\/\/nidaloghouses.com\/de\/wp-json\/wp\/v2\/media?parent=5711"}],"wp:term":[{"taxonomy":"location","embeddable":true,"href":"https:\/\/nidaloghouses.com\/de\/wp-json\/wp\/v2\/location?post=5711"},{"taxonomy":"type-category","embeddable":true,"href":"https:\/\/nidaloghouses.com\/de\/wp-json\/wp\/v2\/type-category?post=5711"},{"taxonomy":"product_brand","embeddable":true,"href":"https:\/\/nidaloghouses.com\/de\/wp-json\/wp\/v2\/product_brand?post=5711"},{"taxonomy":"product_cat","embeddable":true,"href":"https:\/\/nidaloghouses.com\/de\/wp-json\/wp\/v2\/product_cat?post=5711"},{"taxonomy":"product_tag","embeddable":true,"href":"https:\/\/nidaloghouses.com\/de\/wp-json\/wp\/v2\/product_tag?post=5711"}],"curies":[{"name":"wp","href":"https:\/\/api.w.org\/{rel}","templated":true}]}}