{"id":5693,"date":"2024-02-25T17:13:15","date_gmt":"2024-02-25T17:13:15","guid":{"rendered":"https:\/\/nidaloghouses.com\/product\/see-breezes\/"},"modified":"2025-06-12T12:02:02","modified_gmt":"2025-06-12T12:02:02","slug":"see-breezes","status":"publish","type":"product","link":"https:\/\/nidaloghouses.com\/de\/catalogue\/gartenraume\/see-breezes\/","title":{"rendered":"See Breezes"},"content":{"rendered":"<p>Die gem\u00fctliche und praktische Blockh\u00fctte \u201eSee Breezes\u201c ist ideal f\u00fcr einen Kurzurlaub abseits der Stadt. Das Haus wirkt hell und freundlich, zwei gro\u00dfe Fenster und Glast\u00fcren sorgen f\u00fcr viel Tageslicht im Inneren. \u201eSee Breezes\u201c l\u00e4sst sich an unterschiedliche Platzbed\u00fcrfnisse anpassen \u2013 von 10 m\u00b2 bis 32 m\u00b2 Wohnfl\u00e4che.<\/p>\n","protected":false},"excerpt":{"rendered":"<p>Die gem\u00fctliche und komfortable Blockh\u00fctte See Breezes ist ideal f\u00fcr einen Kurzurlaub abseits der Stadt. See Breezes bietet Platz f\u00fcr unterschiedliche Bed\u00fcrfnisse \u2013 mit einer Wohnfl\u00e4che von 10 m\u00b2 bis 32 m\u00b2.<\/p>\n","protected":false},"featured_media":10074,"template":"","meta":{"_acf_changed":false,"inline_featured_image":false},"location":[],"type-category":[],"product_brand":[],"product_cat":[84],"product_tag":[],"class_list":{"0":"post-5693","1":"product","2":"type-product","3":"status-publish","4":"has-post-thumbnail","6":"product_cat-gartenraume","8":"first","9":"instock","10":"taxable","11":"shipping-taxable","12":"purchasable","13":"product-type-variable"},"acf":[],"_links":{"self":[{"href":"https:\/\/nidaloghouses.com\/de\/wp-json\/wp\/v2\/product\/5693","targetHints":{"allow":["GET"]}}],"collection":[{"href":"https:\/\/nidaloghouses.com\/de\/wp-json\/wp\/v2\/product"}],"about":[{"href":"https:\/\/nidaloghouses.com\/de\/wp-json\/wp\/v2\/types\/product"}],"wp:featuredmedia":[{"embeddable":true,"href":"https:\/\/nidaloghouses.com\/de\/wp-json\/wp\/v2\/media\/10074"}],"wp:attachment":[{"href":"https:\/\/nidaloghouses.com\/de\/wp-json\/wp\/v2\/media?parent=5693"}],"wp:term":[{"taxonomy":"location","embeddable":true,"href":"https:\/\/nidaloghouses.com\/de\/wp-json\/wp\/v2\/location?post=5693"},{"taxonomy":"type-category","embeddable":true,"href":"https:\/\/nidaloghouses.com\/de\/wp-json\/wp\/v2\/type-category?post=5693"},{"taxonomy":"product_brand","embeddable":true,"href":"https:\/\/nidaloghouses.com\/de\/wp-json\/wp\/v2\/product_brand?post=5693"},{"taxonomy":"product_cat","embeddable":true,"href":"https:\/\/nidaloghouses.com\/de\/wp-json\/wp\/v2\/product_cat?post=5693"},{"taxonomy":"product_tag","embeddable":true,"href":"https:\/\/nidaloghouses.com\/de\/wp-json\/wp\/v2\/product_tag?post=5693"}],"curies":[{"name":"wp","href":"https:\/\/api.w.org\/{rel}","templated":true}]}}