{"id":5670,"date":"2024-02-25T18:22:43","date_gmt":"2024-02-25T18:22:43","guid":{"rendered":"https:\/\/nidaloghouses.com\/product\/meadow-whisper\/"},"modified":"2025-06-12T12:00:53","modified_gmt":"2025-06-12T12:00:53","slug":"meadow-whisper","status":"publish","type":"product","link":"https:\/\/nidaloghouses.com\/de\/catalogue\/holzhauser-fur-wohnzwecke\/meadow-whisper\/","title":{"rendered":"Meadow Whisper"},"content":{"rendered":"<p>Stellen Sie sich vor, Sie genie\u00dfen einen sch\u00f6nen Tag mit Ihrer Familie oder Ihren Freunden. Eines unserer Wohnh\u00e4user aus Holz \u2013 Meadow Whisper \u2013 ist in zwei Gr\u00f6\u00dfen erh\u00e4ltlich: 54 oder 61 m\u00b2 Wohnfl\u00e4che. Es ist eine gro\u00dfartige Wahl f\u00fcr alle, die gerne Zeit mit vielen Menschen verbringen. Das Haus verf\u00fcgt \u00fcber einen gro\u00dfen Wohnbereich, drei separate Schlafzimmer und einen Badezimmerbereich.<\/p>\n","protected":false},"excerpt":{"rendered":"<p>Das Blockhaus \u201eMeadow Whisper\u201c ist in zwei Gr\u00f6\u00dfen erh\u00e4ltlich: mit 54 oder 61 m\u00b2 Wohnfl\u00e4che. Es ist eine gute Wahl f\u00fcr alle, die gerne Zeit mit vielen Menschen verbringen. Das Haus verf\u00fcgt \u00fcber einen gro\u00dfen Wohnbereich, drei separate Schlafzimmer und einen Badezimmerbereich.<\/p>\n","protected":false},"featured_media":10080,"template":"","meta":{"_acf_changed":false,"inline_featured_image":false},"location":[],"type-category":[],"product_brand":[],"product_cat":[75],"product_tag":[],"class_list":{"0":"post-5670","1":"product","2":"type-product","3":"status-publish","4":"has-post-thumbnail","6":"product_cat-holzhauser-fur-wohnzwecke","8":"first","9":"instock","10":"taxable","11":"shipping-taxable","12":"purchasable","13":"product-type-variable"},"acf":[],"_links":{"self":[{"href":"https:\/\/nidaloghouses.com\/de\/wp-json\/wp\/v2\/product\/5670","targetHints":{"allow":["GET"]}}],"collection":[{"href":"https:\/\/nidaloghouses.com\/de\/wp-json\/wp\/v2\/product"}],"about":[{"href":"https:\/\/nidaloghouses.com\/de\/wp-json\/wp\/v2\/types\/product"}],"wp:featuredmedia":[{"embeddable":true,"href":"https:\/\/nidaloghouses.com\/de\/wp-json\/wp\/v2\/media\/10080"}],"wp:attachment":[{"href":"https:\/\/nidaloghouses.com\/de\/wp-json\/wp\/v2\/media?parent=5670"}],"wp:term":[{"taxonomy":"location","embeddable":true,"href":"https:\/\/nidaloghouses.com\/de\/wp-json\/wp\/v2\/location?post=5670"},{"taxonomy":"type-category","embeddable":true,"href":"https:\/\/nidaloghouses.com\/de\/wp-json\/wp\/v2\/type-category?post=5670"},{"taxonomy":"product_brand","embeddable":true,"href":"https:\/\/nidaloghouses.com\/de\/wp-json\/wp\/v2\/product_brand?post=5670"},{"taxonomy":"product_cat","embeddable":true,"href":"https:\/\/nidaloghouses.com\/de\/wp-json\/wp\/v2\/product_cat?post=5670"},{"taxonomy":"product_tag","embeddable":true,"href":"https:\/\/nidaloghouses.com\/de\/wp-json\/wp\/v2\/product_tag?post=5670"}],"curies":[{"name":"wp","href":"https:\/\/api.w.org\/{rel}","templated":true}]}}