{"id":5655,"date":"2024-02-25T18:35:38","date_gmt":"2024-02-25T18:35:38","guid":{"rendered":"https:\/\/nidaloghouses.com\/product\/dreamy-getway\/"},"modified":"2025-06-12T11:59:16","modified_gmt":"2025-06-12T11:59:16","slug":"dreamy-getway","status":"publish","type":"product","link":"https:\/\/nidaloghouses.com\/de\/catalogue\/blockhutten\/dreamy-getway\/","title":{"rendered":"Dreamy Getway"},"content":{"rendered":"<p>Dreamy Getaway ist unsere h\u00fcbsche Blockh\u00fctte, die in zwei Gr\u00f6\u00dfen erh\u00e4ltlich ist: 15 oder 25 m\u00b2 Wohnfl\u00e4che. Eine kleine Veranda verleiht der H\u00fctte eine besondere Note. Doppelseitige Glast\u00fcren und zwei Fenster sorgen f\u00fcr viel Tageslicht im Innenbereich. Lehnen Sie sich zur\u00fcck, entspannen Sie sich und genie\u00dfen Sie die gem\u00fctliche Atmosph\u00e4re.<\/p>\n","protected":false},"excerpt":{"rendered":"<p>Dreamy Getaway ist unsere h\u00fcbsche Blockh\u00fctte, die in zwei Gr\u00f6\u00dfen erh\u00e4ltlich ist: 15 oder 25 m\u00b2 Wohnfl\u00e4che. Eine kleine Veranda verleiht der H\u00fctte eine besondere Note. Doppelseitige Glast\u00fcren und zwei Fenster sorgen f\u00fcr viel Tageslicht im Innenbereich.<\/p>\n","protected":false},"featured_media":10089,"template":"","meta":{"_acf_changed":false,"inline_featured_image":false},"location":[],"type-category":[],"product_brand":[],"product_cat":[82],"product_tag":[],"class_list":{"0":"post-5655","1":"product","2":"type-product","3":"status-publish","4":"has-post-thumbnail","6":"product_cat-blockhutten","8":"first","9":"instock","10":"taxable","11":"shipping-taxable","12":"purchasable","13":"product-type-variable"},"acf":[],"_links":{"self":[{"href":"https:\/\/nidaloghouses.com\/de\/wp-json\/wp\/v2\/product\/5655","targetHints":{"allow":["GET"]}}],"collection":[{"href":"https:\/\/nidaloghouses.com\/de\/wp-json\/wp\/v2\/product"}],"about":[{"href":"https:\/\/nidaloghouses.com\/de\/wp-json\/wp\/v2\/types\/product"}],"wp:featuredmedia":[{"embeddable":true,"href":"https:\/\/nidaloghouses.com\/de\/wp-json\/wp\/v2\/media\/10089"}],"wp:attachment":[{"href":"https:\/\/nidaloghouses.com\/de\/wp-json\/wp\/v2\/media?parent=5655"}],"wp:term":[{"taxonomy":"location","embeddable":true,"href":"https:\/\/nidaloghouses.com\/de\/wp-json\/wp\/v2\/location?post=5655"},{"taxonomy":"type-category","embeddable":true,"href":"https:\/\/nidaloghouses.com\/de\/wp-json\/wp\/v2\/type-category?post=5655"},{"taxonomy":"product_brand","embeddable":true,"href":"https:\/\/nidaloghouses.com\/de\/wp-json\/wp\/v2\/product_brand?post=5655"},{"taxonomy":"product_cat","embeddable":true,"href":"https:\/\/nidaloghouses.com\/de\/wp-json\/wp\/v2\/product_cat?post=5655"},{"taxonomy":"product_tag","embeddable":true,"href":"https:\/\/nidaloghouses.com\/de\/wp-json\/wp\/v2\/product_tag?post=5655"}],"curies":[{"name":"wp","href":"https:\/\/api.w.org\/{rel}","templated":true}]}}