{"id":5642,"date":"2024-02-25T18:40:48","date_gmt":"2024-02-25T18:40:48","guid":{"rendered":"https:\/\/nidaloghouses.com\/product\/river-rock\/"},"modified":"2025-06-12T11:58:11","modified_gmt":"2025-06-12T11:58:11","slug":"river-rock","status":"publish","type":"product","link":"https:\/\/nidaloghouses.com\/de\/catalogue\/holzgaragen\/river-rock\/","title":{"rendered":"River Rock"},"content":{"rendered":"<p>River Rock ist unser Holzgaragenprojekt f\u00fcr die sichere Unterbringung eines Fahrzeugs. Es sind mehrere Gr\u00f6\u00dfenoptionen verf\u00fcgbar: 17 bis 26 m\u00b2 Wohnfl\u00e4che. Das Modell verf\u00fcgt \u00fcber ein Fenster, das den Innenraum der Garage mit Tageslicht durchflutet. Ein schlichtes, aber sch\u00f6nes und ger\u00e4umiges Modell.<\/p>\n","protected":false},"excerpt":{"rendered":"<p>River Rock ist unser Holzgaragenprojekt f\u00fcr ein Fahrzeug. Es sind mehrere Gr\u00f6\u00dfenoptionen verf\u00fcgbar: 17 bis 26 m\u00b2 Wohnfl\u00e4che. <\/p>\n","protected":false},"featured_media":10095,"template":"","meta":{"_acf_changed":false,"inline_featured_image":false},"location":[],"type-category":[],"product_brand":[],"product_cat":[86],"product_tag":[],"class_list":{"0":"post-5642","1":"product","2":"type-product","3":"status-publish","4":"has-post-thumbnail","6":"product_cat-holzgaragen","8":"first","9":"instock","10":"taxable","11":"shipping-taxable","12":"purchasable","13":"product-type-variable"},"acf":[],"_links":{"self":[{"href":"https:\/\/nidaloghouses.com\/de\/wp-json\/wp\/v2\/product\/5642","targetHints":{"allow":["GET"]}}],"collection":[{"href":"https:\/\/nidaloghouses.com\/de\/wp-json\/wp\/v2\/product"}],"about":[{"href":"https:\/\/nidaloghouses.com\/de\/wp-json\/wp\/v2\/types\/product"}],"wp:featuredmedia":[{"embeddable":true,"href":"https:\/\/nidaloghouses.com\/de\/wp-json\/wp\/v2\/media\/10095"}],"wp:attachment":[{"href":"https:\/\/nidaloghouses.com\/de\/wp-json\/wp\/v2\/media?parent=5642"}],"wp:term":[{"taxonomy":"location","embeddable":true,"href":"https:\/\/nidaloghouses.com\/de\/wp-json\/wp\/v2\/location?post=5642"},{"taxonomy":"type-category","embeddable":true,"href":"https:\/\/nidaloghouses.com\/de\/wp-json\/wp\/v2\/type-category?post=5642"},{"taxonomy":"product_brand","embeddable":true,"href":"https:\/\/nidaloghouses.com\/de\/wp-json\/wp\/v2\/product_brand?post=5642"},{"taxonomy":"product_cat","embeddable":true,"href":"https:\/\/nidaloghouses.com\/de\/wp-json\/wp\/v2\/product_cat?post=5642"},{"taxonomy":"product_tag","embeddable":true,"href":"https:\/\/nidaloghouses.com\/de\/wp-json\/wp\/v2\/product_tag?post=5642"}],"curies":[{"name":"wp","href":"https:\/\/api.w.org\/{rel}","templated":true}]}}