{"id":5630,"date":"2024-02-25T19:35:43","date_gmt":"2024-02-25T19:35:43","guid":{"rendered":"https:\/\/nidaloghouses.com\/product\/cloud-castle\/"},"modified":"2025-06-12T11:56:26","modified_gmt":"2025-06-12T11:56:26","slug":"cloud-castle","status":"publish","type":"product","link":"https:\/\/nidaloghouses.com\/de\/catalogue\/holzgaragen\/cloud-castle\/","title":{"rendered":"Cloud Castle"},"content":{"rendered":"<p>Cloud Castle ist unsere Holzgarage mit zwei Eing\u00e4ngen, die mehr als genug Platz f\u00fcr zwei Fahrzeuge bietet. Es handelt sich um ein praktisch geschnittenes Modell in zwei Gr\u00f6\u00dfen: 27 oder 33 m\u00b2 Wohnfl\u00e4che. Eine sch\u00f6ne und komfortable Garagenwahl f\u00fcr gr\u00f6\u00dfere Unternehmen.<\/p>\n","protected":false},"excerpt":{"rendered":"<p>Cloud Castle ist unsere Holzgarage mit zwei Eing\u00e4ngen, die mehr als genug Platz f\u00fcr zwei Fahrzeuge bietet. Es handelt sich um ein praktisch geschnittenes Modell in zwei Gr\u00f6\u00dfen: 27 oder 33 m\u00b2 Wohnfl\u00e4che.<\/p>\n","protected":false},"featured_media":10101,"template":"","meta":{"_acf_changed":false,"inline_featured_image":false},"location":[],"type-category":[],"product_brand":[],"product_cat":[86],"product_tag":[],"class_list":{"0":"post-5630","1":"product","2":"type-product","3":"status-publish","4":"has-post-thumbnail","6":"product_cat-holzgaragen","8":"first","9":"instock","10":"taxable","11":"shipping-taxable","12":"purchasable","13":"product-type-variable"},"acf":[],"_links":{"self":[{"href":"https:\/\/nidaloghouses.com\/de\/wp-json\/wp\/v2\/product\/5630","targetHints":{"allow":["GET"]}}],"collection":[{"href":"https:\/\/nidaloghouses.com\/de\/wp-json\/wp\/v2\/product"}],"about":[{"href":"https:\/\/nidaloghouses.com\/de\/wp-json\/wp\/v2\/types\/product"}],"wp:featuredmedia":[{"embeddable":true,"href":"https:\/\/nidaloghouses.com\/de\/wp-json\/wp\/v2\/media\/10101"}],"wp:attachment":[{"href":"https:\/\/nidaloghouses.com\/de\/wp-json\/wp\/v2\/media?parent=5630"}],"wp:term":[{"taxonomy":"location","embeddable":true,"href":"https:\/\/nidaloghouses.com\/de\/wp-json\/wp\/v2\/location?post=5630"},{"taxonomy":"type-category","embeddable":true,"href":"https:\/\/nidaloghouses.com\/de\/wp-json\/wp\/v2\/type-category?post=5630"},{"taxonomy":"product_brand","embeddable":true,"href":"https:\/\/nidaloghouses.com\/de\/wp-json\/wp\/v2\/product_brand?post=5630"},{"taxonomy":"product_cat","embeddable":true,"href":"https:\/\/nidaloghouses.com\/de\/wp-json\/wp\/v2\/product_cat?post=5630"},{"taxonomy":"product_tag","embeddable":true,"href":"https:\/\/nidaloghouses.com\/de\/wp-json\/wp\/v2\/product_tag?post=5630"}],"curies":[{"name":"wp","href":"https:\/\/api.w.org\/{rel}","templated":true}]}}