{"id":5609,"date":"2024-02-25T19:47:02","date_gmt":"2024-02-25T19:47:02","guid":{"rendered":"https:\/\/nidaloghouses.com\/product\/violet-nook\/"},"modified":"2025-06-12T11:54:27","modified_gmt":"2025-06-12T11:54:27","slug":"violet-nook","status":"publish","type":"product","link":"https:\/\/nidaloghouses.com\/de\/catalogue\/holzgaragen\/violet-nook\/","title":{"rendered":"Violet Nook"},"content":{"rendered":"<p>Violet Nook ist unser gr\u00f6\u00dftes Holzgaragenprojekt. Mit fast 49 m\u00b2 Wohnfl\u00e4che bietet es Platz f\u00fcr bis zu drei Autos. Es gibt auch gen\u00fcgend Platz f\u00fcr die Aufbewahrung einiger Gegenst\u00e4nde. Die standardm\u00e4\u00dfige Blockhausarchitektur und das Design passen perfekt in die nat\u00fcrliche Umgebung. Das Modell verf\u00fcgt \u00fcber zwei Fenster f\u00fcr nat\u00fcrliches Tageslicht.<\/p>\n","protected":false},"excerpt":{"rendered":"<p>Violet Nook ist unser gr\u00f6\u00dftes Garagenprojekt aus Holz. Mit einer Wohnfl\u00e4che von fast 49 m\u00b2 bietet es Platz f\u00fcr bis zu drei Autos. Das Modell verf\u00fcgt \u00fcber zwei Fenster f\u00fcr nat\u00fcrliches Tageslicht.<\/p>\n","protected":false},"featured_media":10128,"template":"","meta":{"_acf_changed":false,"inline_featured_image":false},"location":[],"type-category":[],"product_brand":[],"product_cat":[86],"product_tag":[],"class_list":{"0":"post-5609","1":"product","2":"type-product","3":"status-publish","4":"has-post-thumbnail","6":"product_cat-holzgaragen","8":"first","9":"instock","10":"taxable","11":"shipping-taxable","12":"purchasable","13":"product-type-variable"},"acf":[],"_links":{"self":[{"href":"https:\/\/nidaloghouses.com\/de\/wp-json\/wp\/v2\/product\/5609","targetHints":{"allow":["GET"]}}],"collection":[{"href":"https:\/\/nidaloghouses.com\/de\/wp-json\/wp\/v2\/product"}],"about":[{"href":"https:\/\/nidaloghouses.com\/de\/wp-json\/wp\/v2\/types\/product"}],"wp:featuredmedia":[{"embeddable":true,"href":"https:\/\/nidaloghouses.com\/de\/wp-json\/wp\/v2\/media\/10128"}],"wp:attachment":[{"href":"https:\/\/nidaloghouses.com\/de\/wp-json\/wp\/v2\/media?parent=5609"}],"wp:term":[{"taxonomy":"location","embeddable":true,"href":"https:\/\/nidaloghouses.com\/de\/wp-json\/wp\/v2\/location?post=5609"},{"taxonomy":"type-category","embeddable":true,"href":"https:\/\/nidaloghouses.com\/de\/wp-json\/wp\/v2\/type-category?post=5609"},{"taxonomy":"product_brand","embeddable":true,"href":"https:\/\/nidaloghouses.com\/de\/wp-json\/wp\/v2\/product_brand?post=5609"},{"taxonomy":"product_cat","embeddable":true,"href":"https:\/\/nidaloghouses.com\/de\/wp-json\/wp\/v2\/product_cat?post=5609"},{"taxonomy":"product_tag","embeddable":true,"href":"https:\/\/nidaloghouses.com\/de\/wp-json\/wp\/v2\/product_tag?post=5609"}],"curies":[{"name":"wp","href":"https:\/\/api.w.org\/{rel}","templated":true}]}}