{"id":5597,"date":"2024-02-25T19:51:59","date_gmt":"2024-02-25T19:51:59","guid":{"rendered":"https:\/\/nidaloghouses.com\/product\/rosewood-ridge\/"},"modified":"2025-06-12T11:53:20","modified_gmt":"2025-06-12T11:53:20","slug":"rosewood-ridge","status":"publish","type":"product","link":"https:\/\/nidaloghouses.com\/de\/catalogue\/holzhauser-fur-wohnzwecke\/rosewood-ridge\/","title":{"rendered":"Rosewood Ridge"},"content":{"rendered":"<p>Rosewood Ridge ist ein wirklich au\u00dfergew\u00f6hnliches, ger\u00e4umiges (49 m\u00b2 Wohnfl\u00e4che) und gro\u00dfz\u00fcgiges Blockhausmodell. Es ist in vier separate Bereiche unterteilt und bietet jedem seinen eigenen R\u00fcckzugsort zum Entspannen am Ende des Tages. Gro\u00dfe Fenster an der Vorderseite lassen den ganzen Tag \u00fcber sch\u00f6nes Tageslicht ins Haus. Ein schr\u00e4ges Dach sorgt f\u00fcr eine ansprechende Architektur.<\/p>\n","protected":false},"excerpt":{"rendered":"<p>Rosewood Ridge ist ein wirklich au\u00dfergew\u00f6hnliches, ger\u00e4umiges (49 m\u00b2 Wohnfl\u00e4che) und gro\u00dfz\u00fcgiges Blockhausmodell. Es ist in vier separate Bereiche unterteilt und bietet jedem seinen eigenen Raum zum Entspannen am Ende des Tages.<\/p>\n","protected":false},"featured_media":10131,"template":"","meta":{"_acf_changed":false,"inline_featured_image":false},"location":[],"type-category":[],"product_brand":[],"product_cat":[75],"product_tag":[],"class_list":{"0":"post-5597","1":"product","2":"type-product","3":"status-publish","4":"has-post-thumbnail","6":"product_cat-holzhauser-fur-wohnzwecke","8":"first","9":"instock","10":"taxable","11":"shipping-taxable","12":"purchasable","13":"product-type-variable"},"acf":[],"_links":{"self":[{"href":"https:\/\/nidaloghouses.com\/de\/wp-json\/wp\/v2\/product\/5597","targetHints":{"allow":["GET"]}}],"collection":[{"href":"https:\/\/nidaloghouses.com\/de\/wp-json\/wp\/v2\/product"}],"about":[{"href":"https:\/\/nidaloghouses.com\/de\/wp-json\/wp\/v2\/types\/product"}],"wp:featuredmedia":[{"embeddable":true,"href":"https:\/\/nidaloghouses.com\/de\/wp-json\/wp\/v2\/media\/10131"}],"wp:attachment":[{"href":"https:\/\/nidaloghouses.com\/de\/wp-json\/wp\/v2\/media?parent=5597"}],"wp:term":[{"taxonomy":"location","embeddable":true,"href":"https:\/\/nidaloghouses.com\/de\/wp-json\/wp\/v2\/location?post=5597"},{"taxonomy":"type-category","embeddable":true,"href":"https:\/\/nidaloghouses.com\/de\/wp-json\/wp\/v2\/type-category?post=5597"},{"taxonomy":"product_brand","embeddable":true,"href":"https:\/\/nidaloghouses.com\/de\/wp-json\/wp\/v2\/product_brand?post=5597"},{"taxonomy":"product_cat","embeddable":true,"href":"https:\/\/nidaloghouses.com\/de\/wp-json\/wp\/v2\/product_cat?post=5597"},{"taxonomy":"product_tag","embeddable":true,"href":"https:\/\/nidaloghouses.com\/de\/wp-json\/wp\/v2\/product_tag?post=5597"}],"curies":[{"name":"wp","href":"https:\/\/api.w.org\/{rel}","templated":true}]}}