{"id":5585,"date":"2024-02-25T19:58:11","date_gmt":"2024-02-25T19:58:11","guid":{"rendered":"https:\/\/nidaloghouses.com\/product\/forest-haven\/"},"modified":"2025-06-12T11:52:09","modified_gmt":"2025-06-12T11:52:09","slug":"forest-haven","status":"publish","type":"product","link":"https:\/\/nidaloghouses.com\/de\/catalogue\/holzhauser-fur-wohnzwecke\/forest-haven\/","title":{"rendered":"Forest Haven"},"content":{"rendered":"<p>\u201eForest Haven\u201c ist eines der gr\u00f6\u00dferen Blockh\u00e4user in unserem Sortiment und verf\u00fcgt \u00fcber eine Wohnfl\u00e4che von 62 m\u00b2. Dank der effizienten Raumaufteilung bietet es drei Schlafzimmer, einen gro\u00dfen Gemeinschaftsbereich und ein Badezimmer. T\u00fcren an der Vorder- und R\u00fcckseite des Geb\u00e4udes sorgen f\u00fcr h\u00f6chsten Komfort und Bewegungsfreiheit im gesamten Haus. Zahlreiche Fenster lassen Tageslicht herein und machen dieses Blockhaus zu einem wirklich gem\u00fctlichen Ort zum Verweilen.<\/p>\n","protected":false},"excerpt":{"rendered":"<p>\u201eForest Haven\u201c ist eines der gr\u00f6\u00dferen Blockh\u00e4user in unserem Sortiment und verf\u00fcgt \u00fcber eine Wohnfl\u00e4che von 62 m\u00b2. Es bietet drei Schlafzimmer, einen gro\u00dfen Gemeinschaftsbereich und ein Badezimmer. T\u00fcren an der Vorder- und R\u00fcckseite des Geb\u00e4udes sorgen f\u00fcr h\u00f6chsten Komfort und Bewegungsfreiheit im gesamten Haus.<\/p>\n","protected":false},"featured_media":10143,"template":"","meta":{"_acf_changed":false,"inline_featured_image":false},"location":[],"type-category":[],"product_brand":[],"product_cat":[75],"product_tag":[],"class_list":{"0":"post-5585","1":"product","2":"type-product","3":"status-publish","4":"has-post-thumbnail","6":"product_cat-holzhauser-fur-wohnzwecke","8":"first","9":"instock","10":"taxable","11":"shipping-taxable","12":"purchasable","13":"product-type-variable"},"acf":[],"_links":{"self":[{"href":"https:\/\/nidaloghouses.com\/de\/wp-json\/wp\/v2\/product\/5585","targetHints":{"allow":["GET"]}}],"collection":[{"href":"https:\/\/nidaloghouses.com\/de\/wp-json\/wp\/v2\/product"}],"about":[{"href":"https:\/\/nidaloghouses.com\/de\/wp-json\/wp\/v2\/types\/product"}],"wp:featuredmedia":[{"embeddable":true,"href":"https:\/\/nidaloghouses.com\/de\/wp-json\/wp\/v2\/media\/10143"}],"wp:attachment":[{"href":"https:\/\/nidaloghouses.com\/de\/wp-json\/wp\/v2\/media?parent=5585"}],"wp:term":[{"taxonomy":"location","embeddable":true,"href":"https:\/\/nidaloghouses.com\/de\/wp-json\/wp\/v2\/location?post=5585"},{"taxonomy":"type-category","embeddable":true,"href":"https:\/\/nidaloghouses.com\/de\/wp-json\/wp\/v2\/type-category?post=5585"},{"taxonomy":"product_brand","embeddable":true,"href":"https:\/\/nidaloghouses.com\/de\/wp-json\/wp\/v2\/product_brand?post=5585"},{"taxonomy":"product_cat","embeddable":true,"href":"https:\/\/nidaloghouses.com\/de\/wp-json\/wp\/v2\/product_cat?post=5585"},{"taxonomy":"product_tag","embeddable":true,"href":"https:\/\/nidaloghouses.com\/de\/wp-json\/wp\/v2\/product_tag?post=5585"}],"curies":[{"name":"wp","href":"https:\/\/api.w.org\/{rel}","templated":true}]}}