{"id":5573,"date":"2024-02-25T20:04:05","date_gmt":"2024-02-25T20:04:05","guid":{"rendered":"https:\/\/nidaloghouses.com\/product\/rainfall-calmness\/"},"modified":"2025-06-12T11:50:48","modified_gmt":"2025-06-12T11:50:48","slug":"rainfall-calmness","status":"publish","type":"product","link":"https:\/\/nidaloghouses.com\/de\/catalogue\/holzhauser-fur-wohnzwecke\/rainfall-calmness\/","title":{"rendered":"Rainfall Calmness"},"content":{"rendered":"<p>Rainfall Calmness ist ein ger\u00e4umiges Blockhausprojekt (56 m\u00b2 Wohnfl\u00e4che) mit einem effizient geplanten Innenbereich, der den Bewohnern h\u00f6chsten Komfort bietet. Mit drei gro\u00dfen Schlafzimmern ist es ideal f\u00fcr die ganze Familie, um sich zu versammeln, Zeit miteinander zu verbringen und sich zu erholen. Eine perfekte Wahl f\u00fcr alle, die Wert auf ihren individuellen Freiraum legen.<\/p>\n","protected":false},"excerpt":{"rendered":"<p>Rainfall Calmness ist ein ger\u00e4umiges Blockhausprojekt (56 m\u00b2 Wohnfl\u00e4che) mit einem effizient geplanten Innenbereich, der den Bewohnern h\u00f6chsten Komfort bietet. Mit drei gro\u00dfen Schlafzimmern ist es ideal f\u00fcr die ganze Familie, um sich zu versammeln, Zeit miteinander zu verbringen und sich zu erholen.<\/p>\n","protected":false},"featured_media":10155,"template":"","meta":{"_acf_changed":false,"inline_featured_image":false},"location":[],"type-category":[],"product_brand":[],"product_cat":[75],"product_tag":[],"class_list":{"0":"post-5573","1":"product","2":"type-product","3":"status-publish","4":"has-post-thumbnail","6":"product_cat-holzhauser-fur-wohnzwecke","8":"first","9":"instock","10":"taxable","11":"shipping-taxable","12":"purchasable","13":"product-type-variable"},"acf":[],"_links":{"self":[{"href":"https:\/\/nidaloghouses.com\/de\/wp-json\/wp\/v2\/product\/5573","targetHints":{"allow":["GET"]}}],"collection":[{"href":"https:\/\/nidaloghouses.com\/de\/wp-json\/wp\/v2\/product"}],"about":[{"href":"https:\/\/nidaloghouses.com\/de\/wp-json\/wp\/v2\/types\/product"}],"wp:featuredmedia":[{"embeddable":true,"href":"https:\/\/nidaloghouses.com\/de\/wp-json\/wp\/v2\/media\/10155"}],"wp:attachment":[{"href":"https:\/\/nidaloghouses.com\/de\/wp-json\/wp\/v2\/media?parent=5573"}],"wp:term":[{"taxonomy":"location","embeddable":true,"href":"https:\/\/nidaloghouses.com\/de\/wp-json\/wp\/v2\/location?post=5573"},{"taxonomy":"type-category","embeddable":true,"href":"https:\/\/nidaloghouses.com\/de\/wp-json\/wp\/v2\/type-category?post=5573"},{"taxonomy":"product_brand","embeddable":true,"href":"https:\/\/nidaloghouses.com\/de\/wp-json\/wp\/v2\/product_brand?post=5573"},{"taxonomy":"product_cat","embeddable":true,"href":"https:\/\/nidaloghouses.com\/de\/wp-json\/wp\/v2\/product_cat?post=5573"},{"taxonomy":"product_tag","embeddable":true,"href":"https:\/\/nidaloghouses.com\/de\/wp-json\/wp\/v2\/product_tag?post=5573"}],"curies":[{"name":"wp","href":"https:\/\/api.w.org\/{rel}","templated":true}]}}