{"id":5561,"date":"2024-02-25T20:08:50","date_gmt":"2024-02-25T20:08:50","guid":{"rendered":"https:\/\/nidaloghouses.com\/product\/lilac-isle\/"},"modified":"2025-06-12T11:49:50","modified_gmt":"2025-06-12T11:49:50","slug":"lilac-isle","status":"publish","type":"product","link":"https:\/\/nidaloghouses.com\/de\/catalogue\/blockhutten\/lilac-isle\/","title":{"rendered":"Lilac Isle"},"content":{"rendered":"<p>Ein wundersch\u00f6nes Blockhausprojekt mit einer au\u00dfergew\u00f6hnlichen Terrasse. Lilac Isle bietet einen gro\u00dfen Gemeinschaftsbereich (33 m\u00b2 Wohnfl\u00e4che) und eine gro\u00dfe Au\u00dfenterrasse, die von einem wundersch\u00f6nen Schr\u00e4gdach \u00fcberdacht ist. Dank der gro\u00dfen Fenster an drei Seiten, durch die viel Tageslicht hereinstr\u00f6mt, ist das Haus hell und gem\u00fctlich.<\/p>\n","protected":false},"excerpt":{"rendered":"<p>Das sch\u00f6ne Blockhaus \u201eLilac Isle\u201c bietet einen gro\u00dfen Gemeinschaftsbereich (33 m\u00b2 Wohnfl\u00e4che) und eine gro\u00dfe Au\u00dfenterrasse, die von einem wundersch\u00f6nen Schr\u00e4gdach \u00fcberdacht ist. Dank der gro\u00dfen Fenster an drei Seiten, durch die viel Tageslicht hereinstr\u00f6mt, ist es hell und gem\u00fctlich.<\/p>\n","protected":false},"featured_media":10197,"template":"","meta":{"_acf_changed":false,"inline_featured_image":false},"location":[],"type-category":[],"product_brand":[],"product_cat":[82],"product_tag":[],"class_list":{"0":"post-5561","1":"product","2":"type-product","3":"status-publish","4":"has-post-thumbnail","6":"product_cat-blockhutten","8":"first","9":"instock","10":"taxable","11":"shipping-taxable","12":"purchasable","13":"product-type-variable"},"acf":[],"_links":{"self":[{"href":"https:\/\/nidaloghouses.com\/de\/wp-json\/wp\/v2\/product\/5561","targetHints":{"allow":["GET"]}}],"collection":[{"href":"https:\/\/nidaloghouses.com\/de\/wp-json\/wp\/v2\/product"}],"about":[{"href":"https:\/\/nidaloghouses.com\/de\/wp-json\/wp\/v2\/types\/product"}],"wp:featuredmedia":[{"embeddable":true,"href":"https:\/\/nidaloghouses.com\/de\/wp-json\/wp\/v2\/media\/10197"}],"wp:attachment":[{"href":"https:\/\/nidaloghouses.com\/de\/wp-json\/wp\/v2\/media?parent=5561"}],"wp:term":[{"taxonomy":"location","embeddable":true,"href":"https:\/\/nidaloghouses.com\/de\/wp-json\/wp\/v2\/location?post=5561"},{"taxonomy":"type-category","embeddable":true,"href":"https:\/\/nidaloghouses.com\/de\/wp-json\/wp\/v2\/type-category?post=5561"},{"taxonomy":"product_brand","embeddable":true,"href":"https:\/\/nidaloghouses.com\/de\/wp-json\/wp\/v2\/product_brand?post=5561"},{"taxonomy":"product_cat","embeddable":true,"href":"https:\/\/nidaloghouses.com\/de\/wp-json\/wp\/v2\/product_cat?post=5561"},{"taxonomy":"product_tag","embeddable":true,"href":"https:\/\/nidaloghouses.com\/de\/wp-json\/wp\/v2\/product_tag?post=5561"}],"curies":[{"name":"wp","href":"https:\/\/api.w.org\/{rel}","templated":true}]}}