{"id":5548,"date":"2024-02-25T20:10:15","date_gmt":"2024-02-25T20:10:15","guid":{"rendered":"https:\/\/nidaloghouses.com\/product\/magnolia-lane\/"},"modified":"2025-06-12T11:48:12","modified_gmt":"2025-06-12T11:48:12","slug":"magnolia-lane","status":"publish","type":"product","link":"https:\/\/nidaloghouses.com\/de\/catalogue\/blockhauser\/magnolia-lane\/","title":{"rendered":"Magnolia Lane"},"content":{"rendered":"<p>Magnolia Lane ist ein reizvolles Blockhausprojekt mit einer Wohnfl\u00e4che von 38 m\u00b2. Es verf\u00fcgt \u00fcber ein gro\u00dfes Wohnzimmer, zwei Schlafzimmer und einen separaten Badezimmerbereich. Beim Betreten des Hauses gelangen Sie direkt in einen gro\u00dfen Gemeinschaftsbereich, der sich ideal f\u00fcr Familienfeiern eignet. Eine kleine Veranda vor der Eingangst\u00fcr verleiht dem Design eine besondere architektonische Note.<\/p>\n","protected":false},"excerpt":{"rendered":"<p>Magnolia Lane ist ein reizvolles Blockhausprojekt mit einer Wohnfl\u00e4che von 38 m\u00b2. Es verf\u00fcgt \u00fcber ein gro\u00dfes Wohnzimmer, zwei Schlafzimmer und einen separaten Badezimmerbereich.<\/p>\n","protected":false},"featured_media":10191,"template":"","meta":{"_acf_changed":false,"inline_featured_image":false},"location":[],"type-category":[],"product_brand":[],"product_cat":[77],"product_tag":[],"class_list":{"0":"post-5548","1":"product","2":"type-product","3":"status-publish","4":"has-post-thumbnail","6":"product_cat-blockhauser","8":"first","9":"instock","10":"taxable","11":"shipping-taxable","12":"purchasable","13":"product-type-variable"},"acf":[],"_links":{"self":[{"href":"https:\/\/nidaloghouses.com\/de\/wp-json\/wp\/v2\/product\/5548","targetHints":{"allow":["GET"]}}],"collection":[{"href":"https:\/\/nidaloghouses.com\/de\/wp-json\/wp\/v2\/product"}],"about":[{"href":"https:\/\/nidaloghouses.com\/de\/wp-json\/wp\/v2\/types\/product"}],"wp:featuredmedia":[{"embeddable":true,"href":"https:\/\/nidaloghouses.com\/de\/wp-json\/wp\/v2\/media\/10191"}],"wp:attachment":[{"href":"https:\/\/nidaloghouses.com\/de\/wp-json\/wp\/v2\/media?parent=5548"}],"wp:term":[{"taxonomy":"location","embeddable":true,"href":"https:\/\/nidaloghouses.com\/de\/wp-json\/wp\/v2\/location?post=5548"},{"taxonomy":"type-category","embeddable":true,"href":"https:\/\/nidaloghouses.com\/de\/wp-json\/wp\/v2\/type-category?post=5548"},{"taxonomy":"product_brand","embeddable":true,"href":"https:\/\/nidaloghouses.com\/de\/wp-json\/wp\/v2\/product_brand?post=5548"},{"taxonomy":"product_cat","embeddable":true,"href":"https:\/\/nidaloghouses.com\/de\/wp-json\/wp\/v2\/product_cat?post=5548"},{"taxonomy":"product_tag","embeddable":true,"href":"https:\/\/nidaloghouses.com\/de\/wp-json\/wp\/v2\/product_tag?post=5548"}],"curies":[{"name":"wp","href":"https:\/\/api.w.org\/{rel}","templated":true}]}}