{"id":5537,"date":"2024-02-25T20:15:05","date_gmt":"2024-02-25T20:15:05","guid":{"rendered":"https:\/\/nidaloghouses.com\/product\/wildflower-suite\/"},"modified":"2025-06-12T11:47:11","modified_gmt":"2025-06-12T11:47:11","slug":"wildflower-suite","status":"publish","type":"product","link":"https:\/\/nidaloghouses.com\/de\/catalogue\/blockhauser\/wildflower-suite\/","title":{"rendered":"Wildflower Suite"},"content":{"rendered":"<p>Die Wildflower Suite ist ein kleines Blockhausprojekt (29 m\u00b2 Wohnfl\u00e4che), das alle wichtigen Annehmlichkeiten und Komfort bietet. Dieses Sommerhaus wurde mit viel Liebe zum Detail entworfen und verf\u00fcgt \u00fcber drei praktischerweise voneinander getrennte R\u00e4ume \u2013 einen gr\u00f6\u00dferen Gemeinschaftsraum und zwei Schlafzimmer. Der sch\u00f6ne Vorbau direkt vor dem Geb\u00e4ude macht dieses Blockhaus zu etwas ganz Besonderem.<\/p>\n","protected":false},"excerpt":{"rendered":"<p>Die Wildflower Suite ist ein kleines Blockhausprojekt (29 m\u00b2 Wohnfl\u00e4che), das alle wichtigen Annehmlichkeiten und Komfort bietet. Dieses Blockhaus verf\u00fcgt \u00fcber drei praktischerweise voneinander getrennte R\u00e4ume \u2013 einen gr\u00f6\u00dferen Gemeinschaftsraum und zwei Schlafzimmer.<\/p>\n","protected":false},"featured_media":10185,"template":"","meta":{"_acf_changed":false,"inline_featured_image":false},"location":[],"type-category":[],"product_brand":[],"product_cat":[77],"product_tag":[],"class_list":{"0":"post-5537","1":"product","2":"type-product","3":"status-publish","4":"has-post-thumbnail","6":"product_cat-blockhauser","8":"first","9":"instock","10":"taxable","11":"shipping-taxable","12":"purchasable","13":"product-type-variable"},"acf":[],"_links":{"self":[{"href":"https:\/\/nidaloghouses.com\/de\/wp-json\/wp\/v2\/product\/5537","targetHints":{"allow":["GET"]}}],"collection":[{"href":"https:\/\/nidaloghouses.com\/de\/wp-json\/wp\/v2\/product"}],"about":[{"href":"https:\/\/nidaloghouses.com\/de\/wp-json\/wp\/v2\/types\/product"}],"wp:featuredmedia":[{"embeddable":true,"href":"https:\/\/nidaloghouses.com\/de\/wp-json\/wp\/v2\/media\/10185"}],"wp:attachment":[{"href":"https:\/\/nidaloghouses.com\/de\/wp-json\/wp\/v2\/media?parent=5537"}],"wp:term":[{"taxonomy":"location","embeddable":true,"href":"https:\/\/nidaloghouses.com\/de\/wp-json\/wp\/v2\/location?post=5537"},{"taxonomy":"type-category","embeddable":true,"href":"https:\/\/nidaloghouses.com\/de\/wp-json\/wp\/v2\/type-category?post=5537"},{"taxonomy":"product_brand","embeddable":true,"href":"https:\/\/nidaloghouses.com\/de\/wp-json\/wp\/v2\/product_brand?post=5537"},{"taxonomy":"product_cat","embeddable":true,"href":"https:\/\/nidaloghouses.com\/de\/wp-json\/wp\/v2\/product_cat?post=5537"},{"taxonomy":"product_tag","embeddable":true,"href":"https:\/\/nidaloghouses.com\/de\/wp-json\/wp\/v2\/product_tag?post=5537"}],"curies":[{"name":"wp","href":"https:\/\/api.w.org\/{rel}","templated":true}]}}