{"id":5524,"date":"2024-02-25T20:19:59","date_gmt":"2024-02-25T20:19:59","guid":{"rendered":"https:\/\/nidaloghouses.com\/product\/sunny-retreat\/"},"modified":"2025-06-12T11:45:41","modified_gmt":"2025-06-12T11:45:41","slug":"sunny-retreat","status":"publish","type":"product","link":"https:\/\/nidaloghouses.com\/de\/catalogue\/holzhauser-fur-wohnzwecke\/sunny-retreat\/","title":{"rendered":"Sunny Retreat"},"content":{"rendered":"<p>Sunny Retreat ist eine gro\u00dfartige Wahl f\u00fcr alle, die gr\u00f6\u00dfere Familienfeiern planen oder viel Platz genie\u00dfen m\u00f6chten. Es ist eines unserer gr\u00f6\u00dften Blockhausprojekte mit einer Gesamtwohnfl\u00e4che von 89 m\u00b2. Das Haus ist praktisch in separate Bereiche unterteilt: einen gro\u00dfen Gemeinschaftsraum, vier Schlafzimmer und zwei Badezimmer. Das hohe Satteldach und die riesige Terrasse an der Vorderseite werden die Aufmerksamkeit Ihrer Besucher sofort auf sich ziehen.<\/p>\n","protected":false},"excerpt":{"rendered":"<p>Sunny Retreat ist eine gro\u00dfartige Wahl f\u00fcr alle, die gr\u00f6\u00dfere Familienfeiern planen oder viel Platz genie\u00dfen m\u00f6chten. Es ist eines unserer gr\u00f6\u00dften Blockhausprojekte mit einer Gesamtwohnfl\u00e4che von 89 m\u00b2. Das Haus ist praktisch in separate Bereiche unterteilt: einen gro\u00dfen Gemeinschaftsraum, vier Schlafzimmer und zwei Badezimmer.<\/p>\n","protected":false},"featured_media":10176,"template":"","meta":{"_acf_changed":false,"inline_featured_image":false},"location":[],"type-category":[],"product_brand":[],"product_cat":[75],"product_tag":[],"class_list":{"0":"post-5524","1":"product","2":"type-product","3":"status-publish","4":"has-post-thumbnail","6":"product_cat-holzhauser-fur-wohnzwecke","8":"first","9":"instock","10":"taxable","11":"shipping-taxable","12":"purchasable","13":"product-type-variable"},"acf":[],"_links":{"self":[{"href":"https:\/\/nidaloghouses.com\/de\/wp-json\/wp\/v2\/product\/5524","targetHints":{"allow":["GET"]}}],"collection":[{"href":"https:\/\/nidaloghouses.com\/de\/wp-json\/wp\/v2\/product"}],"about":[{"href":"https:\/\/nidaloghouses.com\/de\/wp-json\/wp\/v2\/types\/product"}],"wp:featuredmedia":[{"embeddable":true,"href":"https:\/\/nidaloghouses.com\/de\/wp-json\/wp\/v2\/media\/10176"}],"wp:attachment":[{"href":"https:\/\/nidaloghouses.com\/de\/wp-json\/wp\/v2\/media?parent=5524"}],"wp:term":[{"taxonomy":"location","embeddable":true,"href":"https:\/\/nidaloghouses.com\/de\/wp-json\/wp\/v2\/location?post=5524"},{"taxonomy":"type-category","embeddable":true,"href":"https:\/\/nidaloghouses.com\/de\/wp-json\/wp\/v2\/type-category?post=5524"},{"taxonomy":"product_brand","embeddable":true,"href":"https:\/\/nidaloghouses.com\/de\/wp-json\/wp\/v2\/product_brand?post=5524"},{"taxonomy":"product_cat","embeddable":true,"href":"https:\/\/nidaloghouses.com\/de\/wp-json\/wp\/v2\/product_cat?post=5524"},{"taxonomy":"product_tag","embeddable":true,"href":"https:\/\/nidaloghouses.com\/de\/wp-json\/wp\/v2\/product_tag?post=5524"}],"curies":[{"name":"wp","href":"https:\/\/api.w.org\/{rel}","templated":true}]}}