{"id":5500,"date":"2024-02-25T20:33:35","date_gmt":"2024-02-25T20:33:35","guid":{"rendered":"https:\/\/nidaloghouses.com\/product\/bamboo-bungalow\/"},"modified":"2025-06-12T11:43:04","modified_gmt":"2025-06-12T11:43:04","slug":"bamboo-bungalow","status":"publish","type":"product","link":"https:\/\/nidaloghouses.com\/de\/catalogue\/holzhauser-fur-wohnzwecke\/bamboo-bungalow\/","title":{"rendered":"Bamboo Bungalow"},"content":{"rendered":"<p>Manche Menschen k\u00f6nnen sich ein Blockhaus ohne Terrasse, auf der sie morgens und abends Zeit verbringen k\u00f6nnen, nicht vorstellen. Bamboo Bungalow ist ein ger\u00e4umiges Blockhaus mit einer Wohnfl\u00e4che von bis zu 108 m\u00b2 und einer au\u00dfergew\u00f6hnlich sch\u00f6nen Terrasse vor dem Haupteingang. Das Haus ist in separate Bereiche unterteilt: ein gro\u00dfes Wohnzimmer, zwei gr\u00f6\u00dfere und kleinere Schlafzimmer und zwei separate Badezimmer.<\/p>\n","protected":false},"excerpt":{"rendered":"<p>Der Bamboo Bungalow ist ein ger\u00e4umiges, bis zu 108 m\u00b2 gro\u00dfes Blockhaus mit einer au\u00dfergew\u00f6hnlich sch\u00f6nen Terrasse vor dem Haupteingang. Das Haus ist in separate Bereiche unterteilt: ein gro\u00dfes Wohnzimmer, zwei gr\u00f6\u00dfere und kleinere Schlafzimmer und zwei separate Badezimmer.<\/p>\n","protected":false},"featured_media":10236,"template":"","meta":{"_acf_changed":false,"inline_featured_image":false},"location":[],"type-category":[],"product_brand":[],"product_cat":[75],"product_tag":[],"class_list":{"0":"post-5500","1":"product","2":"type-product","3":"status-publish","4":"has-post-thumbnail","6":"product_cat-holzhauser-fur-wohnzwecke","8":"first","9":"instock","10":"taxable","11":"shipping-taxable","12":"purchasable","13":"product-type-variable"},"acf":[],"_links":{"self":[{"href":"https:\/\/nidaloghouses.com\/de\/wp-json\/wp\/v2\/product\/5500","targetHints":{"allow":["GET"]}}],"collection":[{"href":"https:\/\/nidaloghouses.com\/de\/wp-json\/wp\/v2\/product"}],"about":[{"href":"https:\/\/nidaloghouses.com\/de\/wp-json\/wp\/v2\/types\/product"}],"wp:featuredmedia":[{"embeddable":true,"href":"https:\/\/nidaloghouses.com\/de\/wp-json\/wp\/v2\/media\/10236"}],"wp:attachment":[{"href":"https:\/\/nidaloghouses.com\/de\/wp-json\/wp\/v2\/media?parent=5500"}],"wp:term":[{"taxonomy":"location","embeddable":true,"href":"https:\/\/nidaloghouses.com\/de\/wp-json\/wp\/v2\/location?post=5500"},{"taxonomy":"type-category","embeddable":true,"href":"https:\/\/nidaloghouses.com\/de\/wp-json\/wp\/v2\/type-category?post=5500"},{"taxonomy":"product_brand","embeddable":true,"href":"https:\/\/nidaloghouses.com\/de\/wp-json\/wp\/v2\/product_brand?post=5500"},{"taxonomy":"product_cat","embeddable":true,"href":"https:\/\/nidaloghouses.com\/de\/wp-json\/wp\/v2\/product_cat?post=5500"},{"taxonomy":"product_tag","embeddable":true,"href":"https:\/\/nidaloghouses.com\/de\/wp-json\/wp\/v2\/product_tag?post=5500"}],"curies":[{"name":"wp","href":"https:\/\/api.w.org\/{rel}","templated":true}]}}