{"id":5465,"date":"2024-02-25T20:41:23","date_gmt":"2024-02-25T20:41:23","guid":{"rendered":"https:\/\/nidaloghouses.com\/product\/foxglove-field\/"},"modified":"2025-06-12T11:41:20","modified_gmt":"2025-06-12T11:41:20","slug":"foxglove-field","status":"publish","type":"product","link":"https:\/\/nidaloghouses.com\/de\/catalogue\/blockhauser\/foxglove-field\/","title":{"rendered":"Foxglove Field"},"content":{"rendered":"<p>Foxglove Field ist ein kompaktes, mittelgro\u00dfes Blockhaus mit einer gro\u00dfz\u00fcgigen Terrasse direkt vor dem Eingang. Der Grundriss des Hauses ist in zwei Schlafzimmer und einen gemeinsamen Wohnbereich unterteilt. Im Vergleich zu anderen Modellen ist dieses Haus aufgrund seines steilen Dachs etwas ganz Besonderes. Eine weitere Besonderheit ist der nutzbare Zwischengeschossbereich. Warum richten Sie hier nicht einen Schlafbereich ein, nutzen den Platz zum Verstauen von Dingen oder schaffen einen Chill-out-Bereich f\u00fcr gem\u00fctliche Abende mit Freunden?<\/p>\n","protected":false},"excerpt":{"rendered":"<p>Foxglove Field ist ein kompaktes, mittelgro\u00dfes Blockhaus mit einer gro\u00dfz\u00fcgigen Terrasse direkt vor dem Eingang. Der Grundriss des Hauses ist in zwei Schlafzimmer und einen gemeinsamen Wohnbereich unterteilt. Im Vergleich zu anderen Modellen ist dieses Haus aufgrund seines steilen Dachs etwas ganz Besonderes. Eine weitere Besonderheit ist der nutzbare Zwischengeschossbereich.<\/p>\n","protected":false},"featured_media":10248,"template":"","meta":{"_acf_changed":false,"inline_featured_image":false},"location":[],"type-category":[],"product_brand":[],"product_cat":[77],"product_tag":[],"class_list":{"0":"post-5465","1":"product","2":"type-product","3":"status-publish","4":"has-post-thumbnail","6":"product_cat-blockhauser","8":"first","9":"instock","10":"taxable","11":"shipping-taxable","12":"purchasable","13":"product-type-variable"},"acf":[],"_links":{"self":[{"href":"https:\/\/nidaloghouses.com\/de\/wp-json\/wp\/v2\/product\/5465","targetHints":{"allow":["GET"]}}],"collection":[{"href":"https:\/\/nidaloghouses.com\/de\/wp-json\/wp\/v2\/product"}],"about":[{"href":"https:\/\/nidaloghouses.com\/de\/wp-json\/wp\/v2\/types\/product"}],"wp:featuredmedia":[{"embeddable":true,"href":"https:\/\/nidaloghouses.com\/de\/wp-json\/wp\/v2\/media\/10248"}],"wp:attachment":[{"href":"https:\/\/nidaloghouses.com\/de\/wp-json\/wp\/v2\/media?parent=5465"}],"wp:term":[{"taxonomy":"location","embeddable":true,"href":"https:\/\/nidaloghouses.com\/de\/wp-json\/wp\/v2\/location?post=5465"},{"taxonomy":"type-category","embeddable":true,"href":"https:\/\/nidaloghouses.com\/de\/wp-json\/wp\/v2\/type-category?post=5465"},{"taxonomy":"product_brand","embeddable":true,"href":"https:\/\/nidaloghouses.com\/de\/wp-json\/wp\/v2\/product_brand?post=5465"},{"taxonomy":"product_cat","embeddable":true,"href":"https:\/\/nidaloghouses.com\/de\/wp-json\/wp\/v2\/product_cat?post=5465"},{"taxonomy":"product_tag","embeddable":true,"href":"https:\/\/nidaloghouses.com\/de\/wp-json\/wp\/v2\/product_tag?post=5465"}],"curies":[{"name":"wp","href":"https:\/\/api.w.org\/{rel}","templated":true}]}}