{"id":5452,"date":"2024-02-25T20:47:37","date_gmt":"2024-02-25T20:47:37","guid":{"rendered":"https:\/\/nidaloghouses.com\/product\/lavender-loft\/"},"modified":"2025-06-12T11:40:04","modified_gmt":"2025-06-12T11:40:04","slug":"lavender-loft","status":"publish","type":"product","link":"https:\/\/nidaloghouses.com\/de\/catalogue\/blockhauser\/lavender-loft\/","title":{"rendered":"Lavender Loft"},"content":{"rendered":"<p>Wenn unsere Kunden das Modell \u201eLavender Loft\u201c zum ersten Mal sehen, k\u00f6nnen sie sich an dem wundersch\u00f6nen steilen Dach (36 Grad Neigung) gar nicht sattsehen. Mit nur 33 m\u00b2 Wohnfl\u00e4che wirkt dieses Blockhaus \u00fcberraschend ger\u00e4umig und bietet zwei praktischen getrennte Schlafzimmer und einen gem\u00fctlichen Wohnbereich. Sieben Fenster, die auf jeder Seite des Geb\u00e4udes verteilt sind, machen das Innere des Hauses hell und gem\u00fctlich. Es gibt auch einen Dachboden, der als Schlafbereich, Stauraum oder einfach als gem\u00fctlicher Aufenthaltsraum f\u00fcr gesellige Abende mit Freunden gestaltet werden kann.<\/p>\n","protected":false},"excerpt":{"rendered":"<p>Wenn unsere Kunden dieses Lavender Loft-Modell zum ersten Mal sehen, k\u00f6nnen sie sich an seinem wundersch\u00f6nen steilen Dach (36 Grad Neigung) gar nicht sattsehen. Mit nur 33 m\u00b2 Wohnfl\u00e4che wirkt dieses Blockhaus \u00fcberraschend ger\u00e4umig und bietet zwei praktischen getrennte Schlafzimmer und einen gem\u00fctlichen Wohnbereich.<\/p>\n","protected":false},"featured_media":10261,"template":"","meta":{"_acf_changed":false,"inline_featured_image":false},"location":[],"type-category":[],"product_brand":[],"product_cat":[77],"product_tag":[],"class_list":{"0":"post-5452","1":"product","2":"type-product","3":"status-publish","4":"has-post-thumbnail","6":"product_cat-blockhauser","8":"first","9":"instock","10":"taxable","11":"shipping-taxable","12":"purchasable","13":"product-type-variable"},"acf":[],"_links":{"self":[{"href":"https:\/\/nidaloghouses.com\/de\/wp-json\/wp\/v2\/product\/5452","targetHints":{"allow":["GET"]}}],"collection":[{"href":"https:\/\/nidaloghouses.com\/de\/wp-json\/wp\/v2\/product"}],"about":[{"href":"https:\/\/nidaloghouses.com\/de\/wp-json\/wp\/v2\/types\/product"}],"wp:featuredmedia":[{"embeddable":true,"href":"https:\/\/nidaloghouses.com\/de\/wp-json\/wp\/v2\/media\/10261"}],"wp:attachment":[{"href":"https:\/\/nidaloghouses.com\/de\/wp-json\/wp\/v2\/media?parent=5452"}],"wp:term":[{"taxonomy":"location","embeddable":true,"href":"https:\/\/nidaloghouses.com\/de\/wp-json\/wp\/v2\/location?post=5452"},{"taxonomy":"type-category","embeddable":true,"href":"https:\/\/nidaloghouses.com\/de\/wp-json\/wp\/v2\/type-category?post=5452"},{"taxonomy":"product_brand","embeddable":true,"href":"https:\/\/nidaloghouses.com\/de\/wp-json\/wp\/v2\/product_brand?post=5452"},{"taxonomy":"product_cat","embeddable":true,"href":"https:\/\/nidaloghouses.com\/de\/wp-json\/wp\/v2\/product_cat?post=5452"},{"taxonomy":"product_tag","embeddable":true,"href":"https:\/\/nidaloghouses.com\/de\/wp-json\/wp\/v2\/product_tag?post=5452"}],"curies":[{"name":"wp","href":"https:\/\/api.w.org\/{rel}","templated":true}]}}