{"id":5441,"date":"2024-02-25T20:52:53","date_gmt":"2024-02-25T20:52:53","guid":{"rendered":"https:\/\/nidaloghouses.com\/product\/poplar-hideaway\/"},"modified":"2025-06-12T11:32:21","modified_gmt":"2025-06-12T11:32:21","slug":"poplar-hideaway","status":"publish","type":"product","link":"https:\/\/nidaloghouses.com\/de\/catalogue\/holzhauser-fur-wohnzwecke\/poplar-hideaway\/","title":{"rendered":"Poplar Hideaway"},"content":{"rendered":"<p>Poplar Hideaway ist einfach der perfekte R\u00fcckzugsort. Dieses 70 m\u00b2 gro\u00dfe Wohnblockhaus ist hell, ger\u00e4umig und gem\u00fctlich. Aber das ist noch nicht alles \u2013 dieses Modell verf\u00fcgt auch \u00fcber die riesige Terrasse, von der Sie schon immer getr\u00e4umt haben. Mit ausreichend Platz f\u00fcr Gartenm\u00f6bel k\u00f6nnen Sie die atemberaubende Aussicht auf die umliegende Landschaft genie\u00dfen und bei einer Tasse Kaffee oder einem guten Buch die Sonne tanken.<\/p>\n","protected":false},"excerpt":{"rendered":"<p>Poplar Hideaway ist einfach der perfekte R\u00fcckzugsort. Dieses 70 m\u00b2 gro\u00dfe Blockhaus ist hell, ger\u00e4umig und gem\u00fctlich. Aber das ist noch nicht alles \u2013 dieses Modell verf\u00fcgt auch \u00fcber die gro\u00dfe Terrasse, von der Sie schon immer getr\u00e4umt haben.<\/p>\n","protected":false},"featured_media":10276,"template":"","meta":{"_acf_changed":false,"inline_featured_image":false},"location":[],"type-category":[],"product_brand":[],"product_cat":[75],"product_tag":[],"class_list":{"0":"post-5441","1":"product","2":"type-product","3":"status-publish","4":"has-post-thumbnail","6":"product_cat-holzhauser-fur-wohnzwecke","8":"first","9":"instock","10":"taxable","11":"shipping-taxable","12":"purchasable","13":"product-type-variable"},"acf":[],"_links":{"self":[{"href":"https:\/\/nidaloghouses.com\/de\/wp-json\/wp\/v2\/product\/5441","targetHints":{"allow":["GET"]}}],"collection":[{"href":"https:\/\/nidaloghouses.com\/de\/wp-json\/wp\/v2\/product"}],"about":[{"href":"https:\/\/nidaloghouses.com\/de\/wp-json\/wp\/v2\/types\/product"}],"wp:featuredmedia":[{"embeddable":true,"href":"https:\/\/nidaloghouses.com\/de\/wp-json\/wp\/v2\/media\/10276"}],"wp:attachment":[{"href":"https:\/\/nidaloghouses.com\/de\/wp-json\/wp\/v2\/media?parent=5441"}],"wp:term":[{"taxonomy":"location","embeddable":true,"href":"https:\/\/nidaloghouses.com\/de\/wp-json\/wp\/v2\/location?post=5441"},{"taxonomy":"type-category","embeddable":true,"href":"https:\/\/nidaloghouses.com\/de\/wp-json\/wp\/v2\/type-category?post=5441"},{"taxonomy":"product_brand","embeddable":true,"href":"https:\/\/nidaloghouses.com\/de\/wp-json\/wp\/v2\/product_brand?post=5441"},{"taxonomy":"product_cat","embeddable":true,"href":"https:\/\/nidaloghouses.com\/de\/wp-json\/wp\/v2\/product_cat?post=5441"},{"taxonomy":"product_tag","embeddable":true,"href":"https:\/\/nidaloghouses.com\/de\/wp-json\/wp\/v2\/product_tag?post=5441"}],"curies":[{"name":"wp","href":"https:\/\/api.w.org\/{rel}","templated":true}]}}