{"id":5425,"date":"2024-02-25T20:58:53","date_gmt":"2024-02-25T20:58:53","guid":{"rendered":"https:\/\/nidaloghouses.com\/product\/grove-gateway\/"},"modified":"2025-06-12T11:27:41","modified_gmt":"2025-06-12T11:27:41","slug":"grove-gateway","status":"publish","type":"product","link":"https:\/\/nidaloghouses.com\/de\/catalogue\/holzhauser-fur-wohnzwecke\/grove-gateway\/","title":{"rendered":"Grove Gateway"},"content":{"rendered":"<p>Willkommen in Ihrem Traumhaus aus Holz! Das Modell \u201eGrove Gateway\u201c ist wirklich au\u00dfergew\u00f6hnlich und bietet die perfekte Mischung aus Ger\u00e4umigkeit, Privatsph\u00e4re und nat\u00fcrlicher Sch\u00f6nheit. Das 100 m\u00b2 gro\u00dfe Haus verf\u00fcgt \u00fcber vier separate Zimmer, in denen jeder nach einem langen Tag Platz zum Entspannen findet. Diese einladende Umgebung ist der ideale Ort, um bleibende Erinnerungen zu schaffen.<\/p>\n","protected":false},"excerpt":{"rendered":"<p>Das Wohnhaus \u201eGrove Gateway\u201c ist wirklich au\u00dfergew\u00f6hnlich und bietet die perfekte Mischung aus Ger\u00e4umigkeit, Privatsph\u00e4re und nat\u00fcrlicher Sch\u00f6nheit. Das 100 m\u00b2 gro\u00dfe Wohnhaus verf\u00fcgt \u00fcber vier separate Zimmer, in denen jeder nach einem langen Tag Platz zum Entspannen findet.<\/p>\n","protected":false},"featured_media":10305,"template":"","meta":{"_acf_changed":false,"inline_featured_image":false},"location":[],"type-category":[],"product_brand":[],"product_cat":[75],"product_tag":[],"class_list":{"0":"post-5425","1":"product","2":"type-product","3":"status-publish","4":"has-post-thumbnail","6":"product_cat-holzhauser-fur-wohnzwecke","8":"first","9":"instock","10":"taxable","11":"shipping-taxable","12":"purchasable","13":"product-type-variable"},"acf":[],"_links":{"self":[{"href":"https:\/\/nidaloghouses.com\/de\/wp-json\/wp\/v2\/product\/5425","targetHints":{"allow":["GET"]}}],"collection":[{"href":"https:\/\/nidaloghouses.com\/de\/wp-json\/wp\/v2\/product"}],"about":[{"href":"https:\/\/nidaloghouses.com\/de\/wp-json\/wp\/v2\/types\/product"}],"wp:featuredmedia":[{"embeddable":true,"href":"https:\/\/nidaloghouses.com\/de\/wp-json\/wp\/v2\/media\/10305"}],"wp:attachment":[{"href":"https:\/\/nidaloghouses.com\/de\/wp-json\/wp\/v2\/media?parent=5425"}],"wp:term":[{"taxonomy":"location","embeddable":true,"href":"https:\/\/nidaloghouses.com\/de\/wp-json\/wp\/v2\/location?post=5425"},{"taxonomy":"type-category","embeddable":true,"href":"https:\/\/nidaloghouses.com\/de\/wp-json\/wp\/v2\/type-category?post=5425"},{"taxonomy":"product_brand","embeddable":true,"href":"https:\/\/nidaloghouses.com\/de\/wp-json\/wp\/v2\/product_brand?post=5425"},{"taxonomy":"product_cat","embeddable":true,"href":"https:\/\/nidaloghouses.com\/de\/wp-json\/wp\/v2\/product_cat?post=5425"},{"taxonomy":"product_tag","embeddable":true,"href":"https:\/\/nidaloghouses.com\/de\/wp-json\/wp\/v2\/product_tag?post=5425"}],"curies":[{"name":"wp","href":"https:\/\/api.w.org\/{rel}","templated":true}]}}