{"id":5417,"date":"2024-02-25T21:02:53","date_gmt":"2024-02-25T21:02:53","guid":{"rendered":"https:\/\/nidaloghouses.com\/product\/huckleberry-point\/"},"modified":"2025-06-12T11:25:23","modified_gmt":"2025-06-12T11:25:23","slug":"huckleberry-point","status":"publish","type":"product","link":"https:\/\/nidaloghouses.com\/de\/catalogue\/holzhauser-fur-wohnzwecke\/huckleberry-point\/","title":{"rendered":"Huckleberry Point"},"content":{"rendered":"<p>Dieses Blockhausmodell mit sechs Zimmern wurde entworfen, um Ihre Erwartungen zu \u00fcbertreffen. Wenn Sie dieses exquisite Huckleberry Point betreten, werden Sie von der F\u00fclle an nat\u00fcrlichem Licht, das den Raum durchflutet und eine warme und einladende Atmosph\u00e4re schafft, begeistert sein. Riesige Fenster und 78 m\u00b2 Wohnfl\u00e4che verwandeln das Haus in einen magischen Ort. Die sch\u00f6ne Terrasse ist alles, was Sie brauchen, um Ihren Urlaub zu genie\u00dfen.<\/p>\n","protected":false},"excerpt":{"rendered":"<p>Dieses Blockhausmodell mit sechs Zimmern wurde entworfen, um Ihre Erwartungen zu \u00fcbertreffen. Wenn Sie dieses exquisite \u201eHuckleberry Point\u201c betreten, werden Sie von der F\u00fclle an nat\u00fcrlichem Licht begeistert sein, das den Raum durchflutet und eine warme und einladende Atmosph\u00e4re schafft. Riesige Fenster und 78 m\u00b2 Wohnfl\u00e4che verwandeln das Haus in einen magischen Ort. Die sch\u00f6ne Terrasse ist alles, was Sie brauchen, um Ihren Urlaub zu genie\u00dfen.<\/p>\n","protected":false},"featured_media":10317,"template":"","meta":{"_acf_changed":false,"inline_featured_image":false},"location":[],"type-category":[],"product_brand":[],"product_cat":[75],"product_tag":[],"class_list":{"0":"post-5417","1":"product","2":"type-product","3":"status-publish","4":"has-post-thumbnail","6":"product_cat-holzhauser-fur-wohnzwecke","8":"first","9":"instock","10":"taxable","11":"shipping-taxable","12":"purchasable","13":"product-type-variable"},"acf":[],"_links":{"self":[{"href":"https:\/\/nidaloghouses.com\/de\/wp-json\/wp\/v2\/product\/5417","targetHints":{"allow":["GET"]}}],"collection":[{"href":"https:\/\/nidaloghouses.com\/de\/wp-json\/wp\/v2\/product"}],"about":[{"href":"https:\/\/nidaloghouses.com\/de\/wp-json\/wp\/v2\/types\/product"}],"wp:featuredmedia":[{"embeddable":true,"href":"https:\/\/nidaloghouses.com\/de\/wp-json\/wp\/v2\/media\/10317"}],"wp:attachment":[{"href":"https:\/\/nidaloghouses.com\/de\/wp-json\/wp\/v2\/media?parent=5417"}],"wp:term":[{"taxonomy":"location","embeddable":true,"href":"https:\/\/nidaloghouses.com\/de\/wp-json\/wp\/v2\/location?post=5417"},{"taxonomy":"type-category","embeddable":true,"href":"https:\/\/nidaloghouses.com\/de\/wp-json\/wp\/v2\/type-category?post=5417"},{"taxonomy":"product_brand","embeddable":true,"href":"https:\/\/nidaloghouses.com\/de\/wp-json\/wp\/v2\/product_brand?post=5417"},{"taxonomy":"product_cat","embeddable":true,"href":"https:\/\/nidaloghouses.com\/de\/wp-json\/wp\/v2\/product_cat?post=5417"},{"taxonomy":"product_tag","embeddable":true,"href":"https:\/\/nidaloghouses.com\/de\/wp-json\/wp\/v2\/product_tag?post=5417"}],"curies":[{"name":"wp","href":"https:\/\/api.w.org\/{rel}","templated":true}]}}