{"id":5407,"date":"2024-02-25T21:05:11","date_gmt":"2024-02-25T21:05:11","guid":{"rendered":"https:\/\/nidaloghouses.com\/product\/sunflower-suite\/"},"modified":"2025-06-12T11:23:23","modified_gmt":"2025-06-12T11:23:23","slug":"sunflower-suite","status":"publish","type":"product","link":"https:\/\/nidaloghouses.com\/de\/catalogue\/holzhauser-fur-wohnzwecke\/sunflower-suite\/","title":{"rendered":"Sunflower Suite"},"content":{"rendered":"<p>Treten Sie ein in eine Welt zeitloser Sch\u00f6nheit und Ruhe. Unser Blockhaus \u201eSunflower Suite\u201c wurde so gestaltet, dass es ein Gef\u00fchl der Harmonie mit der Natur vermittelt. Die 58 m\u00b2 gro\u00dfe Wohnfl\u00e4che wird von einer einladenden Veranda geziert und l\u00e4dt Sie dazu ein, die sanfte Brise zu genie\u00dfen und die Kunstfertigkeit der Bauweise zu bewundern. Hier wird jeder Moment zu einer wertvollen Erinnerung.<\/p>\n","protected":false},"excerpt":{"rendered":"<p>Unser Blockhaus \u201eSunflower Suite\u201c ist so gestaltet, dass es ein Gef\u00fchl der Harmonie mit der Natur vermittelt. Die 58 m\u00b2 gro\u00dfe Wohnfl\u00e4che wird durch eine einladende Veranda erg\u00e4nzt und l\u00e4dt Sie ein, die sanfte Brise zu genie\u00dfen und die Kunstfertigkeit der Konstruktion zu bewundern.<\/p>\n","protected":false},"featured_media":10329,"template":"","meta":{"_acf_changed":false,"inline_featured_image":false},"location":[],"type-category":[],"product_brand":[],"product_cat":[75],"product_tag":[],"class_list":{"0":"post-5407","1":"product","2":"type-product","3":"status-publish","4":"has-post-thumbnail","6":"product_cat-holzhauser-fur-wohnzwecke","8":"first","9":"instock","10":"taxable","11":"shipping-taxable","12":"purchasable","13":"product-type-variable"},"acf":[],"_links":{"self":[{"href":"https:\/\/nidaloghouses.com\/de\/wp-json\/wp\/v2\/product\/5407","targetHints":{"allow":["GET"]}}],"collection":[{"href":"https:\/\/nidaloghouses.com\/de\/wp-json\/wp\/v2\/product"}],"about":[{"href":"https:\/\/nidaloghouses.com\/de\/wp-json\/wp\/v2\/types\/product"}],"wp:featuredmedia":[{"embeddable":true,"href":"https:\/\/nidaloghouses.com\/de\/wp-json\/wp\/v2\/media\/10329"}],"wp:attachment":[{"href":"https:\/\/nidaloghouses.com\/de\/wp-json\/wp\/v2\/media?parent=5407"}],"wp:term":[{"taxonomy":"location","embeddable":true,"href":"https:\/\/nidaloghouses.com\/de\/wp-json\/wp\/v2\/location?post=5407"},{"taxonomy":"type-category","embeddable":true,"href":"https:\/\/nidaloghouses.com\/de\/wp-json\/wp\/v2\/type-category?post=5407"},{"taxonomy":"product_brand","embeddable":true,"href":"https:\/\/nidaloghouses.com\/de\/wp-json\/wp\/v2\/product_brand?post=5407"},{"taxonomy":"product_cat","embeddable":true,"href":"https:\/\/nidaloghouses.com\/de\/wp-json\/wp\/v2\/product_cat?post=5407"},{"taxonomy":"product_tag","embeddable":true,"href":"https:\/\/nidaloghouses.com\/de\/wp-json\/wp\/v2\/product_tag?post=5407"}],"curies":[{"name":"wp","href":"https:\/\/api.w.org\/{rel}","templated":true}]}}