{"id":5399,"date":"2024-02-25T21:07:19","date_gmt":"2024-02-25T21:07:19","guid":{"rendered":"https:\/\/nidaloghouses.com\/product\/elderberry-estate\/"},"modified":"2025-06-12T11:21:34","modified_gmt":"2025-06-12T11:21:34","slug":"elderberry-estate","status":"publish","type":"product","link":"https:\/\/nidaloghouses.com\/de\/catalogue\/holzhauser-fur-wohnzwecke\/elderberry-estate\/","title":{"rendered":"Elderberry Estate"},"content":{"rendered":"<p>Das Leben in einem Blockhaus dreht sich ganz um die Natur und die freie Natur. In unserem 61 m\u00b2 gro\u00dfen Wohnmodell \u201eElderberry Estate\u201c finden Sie alles, was Sie brauchen. Gro\u00dfe Fenster lassen viel Licht herein und eine riesige Terrasse l\u00e4dt dazu ein, die Abende mit Familie und Freunden zu genie\u00dfen. Und mit sechs Zimmern ist genug Platz f\u00fcr alle.<\/p>\n","protected":false},"excerpt":{"rendered":"<p>Das Leben in einem Blockhaus dreht sich ganz um die Natur und die freie Natur. In unserem 61 m\u00b2 gro\u00dfen Wohnmodell \u201eElderberry Estate\u201c finden Sie alles, was Sie brauchen. Und es gibt sechs Zimmer, in denen alle Bewohner Platz finden.<\/p>\n","protected":false},"featured_media":10341,"template":"","meta":{"_acf_changed":false,"inline_featured_image":false},"location":[],"type-category":[],"product_brand":[],"product_cat":[75],"product_tag":[],"class_list":{"0":"post-5399","1":"product","2":"type-product","3":"status-publish","4":"has-post-thumbnail","6":"product_cat-holzhauser-fur-wohnzwecke","8":"first","9":"instock","10":"taxable","11":"shipping-taxable","12":"purchasable","13":"product-type-variable"},"acf":[],"_links":{"self":[{"href":"https:\/\/nidaloghouses.com\/de\/wp-json\/wp\/v2\/product\/5399","targetHints":{"allow":["GET"]}}],"collection":[{"href":"https:\/\/nidaloghouses.com\/de\/wp-json\/wp\/v2\/product"}],"about":[{"href":"https:\/\/nidaloghouses.com\/de\/wp-json\/wp\/v2\/types\/product"}],"wp:featuredmedia":[{"embeddable":true,"href":"https:\/\/nidaloghouses.com\/de\/wp-json\/wp\/v2\/media\/10341"}],"wp:attachment":[{"href":"https:\/\/nidaloghouses.com\/de\/wp-json\/wp\/v2\/media?parent=5399"}],"wp:term":[{"taxonomy":"location","embeddable":true,"href":"https:\/\/nidaloghouses.com\/de\/wp-json\/wp\/v2\/location?post=5399"},{"taxonomy":"type-category","embeddable":true,"href":"https:\/\/nidaloghouses.com\/de\/wp-json\/wp\/v2\/type-category?post=5399"},{"taxonomy":"product_brand","embeddable":true,"href":"https:\/\/nidaloghouses.com\/de\/wp-json\/wp\/v2\/product_brand?post=5399"},{"taxonomy":"product_cat","embeddable":true,"href":"https:\/\/nidaloghouses.com\/de\/wp-json\/wp\/v2\/product_cat?post=5399"},{"taxonomy":"product_tag","embeddable":true,"href":"https:\/\/nidaloghouses.com\/de\/wp-json\/wp\/v2\/product_tag?post=5399"}],"curies":[{"name":"wp","href":"https:\/\/api.w.org\/{rel}","templated":true}]}}