{"id":5391,"date":"2024-02-25T21:10:16","date_gmt":"2024-02-25T21:10:16","guid":{"rendered":"https:\/\/nidaloghouses.com\/product\/yew-yard\/"},"modified":"2025-06-12T11:19:50","modified_gmt":"2025-06-12T11:19:50","slug":"yew-yard","status":"publish","type":"product","link":"https:\/\/nidaloghouses.com\/de\/catalogue\/holzhauser-fur-wohnzwecke\/yew-yard\/","title":{"rendered":"Yew Yard"},"content":{"rendered":"<p>Dieses Blockhaus erf\u00fcllt alle W\u00fcnsche an ein Freizeitdomizil \u2013 wie beispielsweise ein gro\u00dfz\u00fcgiges Wohnzimmer mit K\u00fcche, praktische separate Schlafzimmer und eine \u00fcberdachte Veranda. Mit 118 m\u00b2 Wohnfl\u00e4che bietet Yew Yard den perfekten Rahmen f\u00fcr den Alltag. Ob als ruhiger R\u00fcckzugsort oder Treffpunkt f\u00fcr die Lieben, dieses Haus ist die perfekte Kulisse f\u00fcr unvergessliche Erlebnisse.<\/p>\n","protected":false},"excerpt":{"rendered":"<p>Dieses Blockhaus erf\u00fcllt alle W\u00fcnsche an ein Freizeitdomizil \u2013 wie beispielsweise ein gro\u00dfz\u00fcgiges Wohnzimmer mit K\u00fcche, praktische separate Schlafzimmer und eine \u00fcberdachte Veranda. Mit 118 m\u00b2 Wohnfl\u00e4che bietet Yew Yard den perfekten Rahmen f\u00fcr den Alltag. Ob als ruhiger R\u00fcckzugsort oder Treffpunkt f\u00fcr die Lieben, dieses Haus ist die perfekte Kulisse f\u00fcr unvergessliche Erlebnisse.<\/p>\n","protected":false},"featured_media":10353,"template":"","meta":{"_acf_changed":false,"inline_featured_image":false},"location":[],"type-category":[],"product_brand":[],"product_cat":[75],"product_tag":[],"class_list":{"0":"post-5391","1":"product","2":"type-product","3":"status-publish","4":"has-post-thumbnail","6":"product_cat-holzhauser-fur-wohnzwecke","8":"first","9":"instock","10":"taxable","11":"shipping-taxable","12":"purchasable","13":"product-type-variable"},"acf":[],"_links":{"self":[{"href":"https:\/\/nidaloghouses.com\/de\/wp-json\/wp\/v2\/product\/5391","targetHints":{"allow":["GET"]}}],"collection":[{"href":"https:\/\/nidaloghouses.com\/de\/wp-json\/wp\/v2\/product"}],"about":[{"href":"https:\/\/nidaloghouses.com\/de\/wp-json\/wp\/v2\/types\/product"}],"wp:featuredmedia":[{"embeddable":true,"href":"https:\/\/nidaloghouses.com\/de\/wp-json\/wp\/v2\/media\/10353"}],"wp:attachment":[{"href":"https:\/\/nidaloghouses.com\/de\/wp-json\/wp\/v2\/media?parent=5391"}],"wp:term":[{"taxonomy":"location","embeddable":true,"href":"https:\/\/nidaloghouses.com\/de\/wp-json\/wp\/v2\/location?post=5391"},{"taxonomy":"type-category","embeddable":true,"href":"https:\/\/nidaloghouses.com\/de\/wp-json\/wp\/v2\/type-category?post=5391"},{"taxonomy":"product_brand","embeddable":true,"href":"https:\/\/nidaloghouses.com\/de\/wp-json\/wp\/v2\/product_brand?post=5391"},{"taxonomy":"product_cat","embeddable":true,"href":"https:\/\/nidaloghouses.com\/de\/wp-json\/wp\/v2\/product_cat?post=5391"},{"taxonomy":"product_tag","embeddable":true,"href":"https:\/\/nidaloghouses.com\/de\/wp-json\/wp\/v2\/product_tag?post=5391"}],"curies":[{"name":"wp","href":"https:\/\/api.w.org\/{rel}","templated":true}]}}