{"id":5383,"date":"2024-02-25T21:13:29","date_gmt":"2024-02-25T21:13:29","guid":{"rendered":"https:\/\/nidaloghouses.com\/product\/juniper-jetty\/"},"modified":"2025-06-12T11:18:50","modified_gmt":"2025-06-12T11:18:50","slug":"juniper-jetty","status":"publish","type":"product","link":"https:\/\/nidaloghouses.com\/de\/catalogue\/holzhauser-fur-wohnzwecke\/juniper-jetty\/","title":{"rendered":"Juniper Jetty"},"content":{"rendered":"<p>Das pr\u00e4chtige Blockhaus Juniper Jetty bietet reichlich Platz und gro\u00dfz\u00fcgige Zimmer, um eine Familie oder eine Gruppe von Personen bequem unterzubringen, und ist somit das ideale Ziel f\u00fcr Ihren regelm\u00e4\u00dfigen Urlaub. Die 83 m\u00b2 Wohnfl\u00e4che des Hauses sind praktisch aufgeteilt, sodass Sie in Ihrem ganz pers\u00f6nlichen Blockhaus die perfekte Harmonie zwischen Komfort und Natur genie\u00dfen k\u00f6nnen.<\/p>\n","protected":false},"excerpt":{"rendered":"<p>Das pr\u00e4chtige Blockhaus Juniper Jetty bietet reichlich Platz und gro\u00dfz\u00fcgige Zimmer, um eine Familie oder eine Gruppe von Personen bequem unterzubringen, und ist somit das ideale Ziel f\u00fcr Ihren regelm\u00e4\u00dfigen Urlaub. Die 83 m\u00b2 Wohnfl\u00e4che des Hauses sind praktisch aufgeteilt, sodass Sie in Ihrem ganz pers\u00f6nlichen Blockhaus die perfekte Harmonie zwischen Komfort und Natur genie\u00dfen k\u00f6nnen.<\/p>\n","protected":false},"featured_media":10365,"template":"","meta":{"_acf_changed":false,"inline_featured_image":false},"location":[],"type-category":[],"product_brand":[],"product_cat":[75],"product_tag":[],"class_list":{"0":"post-5383","1":"product","2":"type-product","3":"status-publish","4":"has-post-thumbnail","6":"product_cat-holzhauser-fur-wohnzwecke","8":"first","9":"instock","10":"taxable","11":"shipping-taxable","12":"purchasable","13":"product-type-variable"},"acf":[],"_links":{"self":[{"href":"https:\/\/nidaloghouses.com\/de\/wp-json\/wp\/v2\/product\/5383","targetHints":{"allow":["GET"]}}],"collection":[{"href":"https:\/\/nidaloghouses.com\/de\/wp-json\/wp\/v2\/product"}],"about":[{"href":"https:\/\/nidaloghouses.com\/de\/wp-json\/wp\/v2\/types\/product"}],"wp:featuredmedia":[{"embeddable":true,"href":"https:\/\/nidaloghouses.com\/de\/wp-json\/wp\/v2\/media\/10365"}],"wp:attachment":[{"href":"https:\/\/nidaloghouses.com\/de\/wp-json\/wp\/v2\/media?parent=5383"}],"wp:term":[{"taxonomy":"location","embeddable":true,"href":"https:\/\/nidaloghouses.com\/de\/wp-json\/wp\/v2\/location?post=5383"},{"taxonomy":"type-category","embeddable":true,"href":"https:\/\/nidaloghouses.com\/de\/wp-json\/wp\/v2\/type-category?post=5383"},{"taxonomy":"product_brand","embeddable":true,"href":"https:\/\/nidaloghouses.com\/de\/wp-json\/wp\/v2\/product_brand?post=5383"},{"taxonomy":"product_cat","embeddable":true,"href":"https:\/\/nidaloghouses.com\/de\/wp-json\/wp\/v2\/product_cat?post=5383"},{"taxonomy":"product_tag","embeddable":true,"href":"https:\/\/nidaloghouses.com\/de\/wp-json\/wp\/v2\/product_tag?post=5383"}],"curies":[{"name":"wp","href":"https:\/\/api.w.org\/{rel}","templated":true}]}}