{"id":5375,"date":"2024-02-25T21:16:12","date_gmt":"2024-02-25T21:16:12","guid":{"rendered":"https:\/\/nidaloghouses.com\/product\/starlight-shore\/"},"modified":"2025-06-12T11:17:57","modified_gmt":"2025-06-12T11:17:57","slug":"starlight-shore","status":"publish","type":"product","link":"https:\/\/nidaloghouses.com\/de\/catalogue\/blockhauser\/starlight-shore\/","title":{"rendered":"Starlight Shore"},"content":{"rendered":"<p>Was gibt es Gem\u00fctlicheres, als den Morgen mit einer Tasse Tee oder Kaffee in Ihrem eigenen Blockhaus zu beginnen? Das charmante Starlight Shore mit 27 m\u00b2 Wohnfl\u00e4che ist die ideale Wahl f\u00fcr regelm\u00e4\u00dfige Auszeiten. Der sch\u00f6ne Vorbau und das schr\u00e4ge Dach machen dieses Blockhaus zu etwas ganz Besonderem. Es ist der richtige Ort, um sich zu entspannen, die Seele baumeln zu lassen und wertvolle Erinnerungen zu schaffen.<\/p>\n","protected":false},"excerpt":{"rendered":"<p>Was gibt es Gem\u00fctlicheres, als den Morgen mit einer Tasse Tee oder Kaffee in Ihrem eigenen Blockhaus zu beginnen? Das charmante Starlight Shore mit 27 m\u00b2 Wohnfl\u00e4che ist die ideale Wahl f\u00fcr regelm\u00e4\u00dfige Auszeiten. Der sch\u00f6ne Vorbau und das schr\u00e4ge Dach machen dieses Blockhaus zu etwas ganz Besonderem. Es ist der richtige Ort, um sich zu entspannen, die Seele baumeln zu lassen und wertvolle Erinnerungen zu schaffen.<\/p>\n","protected":false},"featured_media":10377,"template":"","meta":{"_acf_changed":false,"inline_featured_image":false},"location":[],"type-category":[],"product_brand":[],"product_cat":[77],"product_tag":[],"class_list":{"0":"post-5375","1":"product","2":"type-product","3":"status-publish","4":"has-post-thumbnail","6":"product_cat-blockhauser","8":"first","9":"instock","10":"taxable","11":"shipping-taxable","12":"purchasable","13":"product-type-variable"},"acf":[],"_links":{"self":[{"href":"https:\/\/nidaloghouses.com\/de\/wp-json\/wp\/v2\/product\/5375","targetHints":{"allow":["GET"]}}],"collection":[{"href":"https:\/\/nidaloghouses.com\/de\/wp-json\/wp\/v2\/product"}],"about":[{"href":"https:\/\/nidaloghouses.com\/de\/wp-json\/wp\/v2\/types\/product"}],"wp:featuredmedia":[{"embeddable":true,"href":"https:\/\/nidaloghouses.com\/de\/wp-json\/wp\/v2\/media\/10377"}],"wp:attachment":[{"href":"https:\/\/nidaloghouses.com\/de\/wp-json\/wp\/v2\/media?parent=5375"}],"wp:term":[{"taxonomy":"location","embeddable":true,"href":"https:\/\/nidaloghouses.com\/de\/wp-json\/wp\/v2\/location?post=5375"},{"taxonomy":"type-category","embeddable":true,"href":"https:\/\/nidaloghouses.com\/de\/wp-json\/wp\/v2\/type-category?post=5375"},{"taxonomy":"product_brand","embeddable":true,"href":"https:\/\/nidaloghouses.com\/de\/wp-json\/wp\/v2\/product_brand?post=5375"},{"taxonomy":"product_cat","embeddable":true,"href":"https:\/\/nidaloghouses.com\/de\/wp-json\/wp\/v2\/product_cat?post=5375"},{"taxonomy":"product_tag","embeddable":true,"href":"https:\/\/nidaloghouses.com\/de\/wp-json\/wp\/v2\/product_tag?post=5375"}],"curies":[{"name":"wp","href":"https:\/\/api.w.org\/{rel}","templated":true}]}}