{"id":5366,"date":"2024-02-25T21:18:17","date_gmt":"2024-02-25T21:18:17","guid":{"rendered":"https:\/\/nidaloghouses.com\/product\/thunder-trail\/"},"modified":"2025-06-12T11:16:51","modified_gmt":"2025-06-12T11:16:51","slug":"thunder-trail","status":"publish","type":"product","link":"https:\/\/nidaloghouses.com\/de\/catalogue\/holzhauser-fur-wohnzwecke\/thunder-trail\/","title":{"rendered":"Thunder Trail"},"content":{"rendered":"<p>Das Blockhaus \u201eThunder Trail\u201c bietet reichlich Platz f\u00fcr Ihre Familie oder Freunde, um sich zu entspannen und wieder eins mit der Natur zu werden. Mit einer gro\u00dfz\u00fcgigen Wohnfl\u00e4che von 66 m\u00b2 ist dieser gem\u00fctliche R\u00fcckzugsort ein Traum f\u00fcr alle, die ein komfortables Blockhaus mit 5 Zimmern suchen. Die Innenausstattung ist sorgf\u00e4ltig durchdacht, um eine nahtlose Verbindung zwischen Entspannung und der umgebenden Natur zu schaffen und ein Gef\u00fchl von sch\u00f6nem Leben zu vermitteln.<\/p>\n","protected":false},"excerpt":{"rendered":"<p>Das Blockhaus \u201eThunder Trail\u201c bietet reichlich Platz f\u00fcr Ihre Familie oder Freunde, um sich zu entspannen und wieder eins mit der Natur zu werden. Mit einer gro\u00dfz\u00fcgigen Wohnfl\u00e4che von 66 m\u00b2 ist dieser gem\u00fctliche R\u00fcckzugsort ein Traum f\u00fcr alle, die ein komfortables Blockhaus mit 5 Zimmern suchen.<\/p>\n","protected":false},"featured_media":10392,"template":"","meta":{"_acf_changed":false,"inline_featured_image":false},"location":[],"type-category":[],"product_brand":[],"product_cat":[75],"product_tag":[],"class_list":{"0":"post-5366","1":"product","2":"type-product","3":"status-publish","4":"has-post-thumbnail","6":"product_cat-holzhauser-fur-wohnzwecke","8":"first","9":"instock","10":"taxable","11":"shipping-taxable","12":"purchasable","13":"product-type-variable"},"acf":[],"_links":{"self":[{"href":"https:\/\/nidaloghouses.com\/de\/wp-json\/wp\/v2\/product\/5366","targetHints":{"allow":["GET"]}}],"collection":[{"href":"https:\/\/nidaloghouses.com\/de\/wp-json\/wp\/v2\/product"}],"about":[{"href":"https:\/\/nidaloghouses.com\/de\/wp-json\/wp\/v2\/types\/product"}],"wp:featuredmedia":[{"embeddable":true,"href":"https:\/\/nidaloghouses.com\/de\/wp-json\/wp\/v2\/media\/10392"}],"wp:attachment":[{"href":"https:\/\/nidaloghouses.com\/de\/wp-json\/wp\/v2\/media?parent=5366"}],"wp:term":[{"taxonomy":"location","embeddable":true,"href":"https:\/\/nidaloghouses.com\/de\/wp-json\/wp\/v2\/location?post=5366"},{"taxonomy":"type-category","embeddable":true,"href":"https:\/\/nidaloghouses.com\/de\/wp-json\/wp\/v2\/type-category?post=5366"},{"taxonomy":"product_brand","embeddable":true,"href":"https:\/\/nidaloghouses.com\/de\/wp-json\/wp\/v2\/product_brand?post=5366"},{"taxonomy":"product_cat","embeddable":true,"href":"https:\/\/nidaloghouses.com\/de\/wp-json\/wp\/v2\/product_cat?post=5366"},{"taxonomy":"product_tag","embeddable":true,"href":"https:\/\/nidaloghouses.com\/de\/wp-json\/wp\/v2\/product_tag?post=5366"}],"curies":[{"name":"wp","href":"https:\/\/api.w.org\/{rel}","templated":true}]}}