{"id":5358,"date":"2024-02-25T21:21:52","date_gmt":"2024-02-25T21:21:52","guid":{"rendered":"https:\/\/nidaloghouses.com\/product\/river-retreat\/"},"modified":"2025-06-12T11:13:44","modified_gmt":"2025-06-12T11:13:44","slug":"river-retreat","status":"publish","type":"product","link":"https:\/\/nidaloghouses.com\/de\/catalogue\/holzhauser-fur-wohnzwecke\/river-retreat\/","title":{"rendered":"River Retreat"},"content":{"rendered":"<p>Sind Sie auf der Suche nach einem gem\u00fctlichen R\u00fcckzugsort, der sich perfekt f\u00fcr regelm\u00e4\u00dfige Auszeiten eignet? Unser bezauberndes Blockhaus \u201eRiver Retreat\u201c bietet einen gro\u00dfz\u00fcgigen Wohnbereich mit viel Platz f\u00fcr eine Familie oder eine Gruppe von Personen und ist somit der ideale R\u00fcckzugsort f\u00fcr Ihren n\u00e4chsten Urlaub. Mit \u00fcber 78 m\u00b2 Wohnfl\u00e4che wurde es sorgf\u00e4ltig gestaltet, um Komfort und die Sch\u00f6nheit der Natur harmonisch miteinander zu verbinden.<\/p>\n","protected":false},"excerpt":{"rendered":"<p>Sind Sie auf der Suche nach einem gem\u00fctlichen R\u00fcckzugsort, der sich perfekt f\u00fcr regelm\u00e4\u00dfige Auszeiten eignet? Unser bezauberndes Blockhaus \u201eRiver Retreat\u201c bietet einen gro\u00dfz\u00fcgigen Wohnbereich mit viel Platz f\u00fcr eine Familie oder eine Gruppe von Personen und ist somit der ideale R\u00fcckzugsort f\u00fcr Ihren n\u00e4chsten Urlaub. Mit \u00fcber 78 m\u00b2 Wohnfl\u00e4che wurde es sorgf\u00e4ltig gestaltet, um Komfort und die Sch\u00f6nheit der Natur harmonisch miteinander zu verbinden.<\/p>\n","protected":false},"featured_media":10408,"template":"","meta":{"_acf_changed":false,"inline_featured_image":false},"location":[],"type-category":[],"product_brand":[],"product_cat":[75],"product_tag":[],"class_list":{"0":"post-5358","1":"product","2":"type-product","3":"status-publish","4":"has-post-thumbnail","6":"product_cat-holzhauser-fur-wohnzwecke","8":"first","9":"instock","10":"taxable","11":"shipping-taxable","12":"purchasable","13":"product-type-variable"},"acf":[],"_links":{"self":[{"href":"https:\/\/nidaloghouses.com\/de\/wp-json\/wp\/v2\/product\/5358","targetHints":{"allow":["GET"]}}],"collection":[{"href":"https:\/\/nidaloghouses.com\/de\/wp-json\/wp\/v2\/product"}],"about":[{"href":"https:\/\/nidaloghouses.com\/de\/wp-json\/wp\/v2\/types\/product"}],"wp:featuredmedia":[{"embeddable":true,"href":"https:\/\/nidaloghouses.com\/de\/wp-json\/wp\/v2\/media\/10408"}],"wp:attachment":[{"href":"https:\/\/nidaloghouses.com\/de\/wp-json\/wp\/v2\/media?parent=5358"}],"wp:term":[{"taxonomy":"location","embeddable":true,"href":"https:\/\/nidaloghouses.com\/de\/wp-json\/wp\/v2\/location?post=5358"},{"taxonomy":"type-category","embeddable":true,"href":"https:\/\/nidaloghouses.com\/de\/wp-json\/wp\/v2\/type-category?post=5358"},{"taxonomy":"product_brand","embeddable":true,"href":"https:\/\/nidaloghouses.com\/de\/wp-json\/wp\/v2\/product_brand?post=5358"},{"taxonomy":"product_cat","embeddable":true,"href":"https:\/\/nidaloghouses.com\/de\/wp-json\/wp\/v2\/product_cat?post=5358"},{"taxonomy":"product_tag","embeddable":true,"href":"https:\/\/nidaloghouses.com\/de\/wp-json\/wp\/v2\/product_tag?post=5358"}],"curies":[{"name":"wp","href":"https:\/\/api.w.org\/{rel}","templated":true}]}}