{"id":5350,"date":"2024-02-25T21:24:33","date_gmt":"2024-02-25T21:24:33","guid":{"rendered":"https:\/\/nidaloghouses.com\/product\/lunar-cabin\/"},"modified":"2025-06-12T11:10:58","modified_gmt":"2025-06-12T11:10:58","slug":"lunar-cabin","status":"publish","type":"product","link":"https:\/\/nidaloghouses.com\/de\/catalogue\/holzhauser-fur-wohnzwecke\/lunar-cabin\/","title":{"rendered":"Lunar Cabin"},"content":{"rendered":"<p>Unser atemberaubendes 70 m\u00b2 gro\u00dfes Wohnhausmodell \u201eLunar Cabin\u201c ist hell, luftig und kunstvoll gestaltet und wird zu Ihrem ultimativen R\u00fcckzugsort f\u00fcr die Freizeit. Das schr\u00e4ge Dach verleiht dem Gesamtdesign eine ansprechende architektonische Struktur. Diese Besonderheit macht dieses Sommerhausmodell zu einer einzigartigen und unverwechselbaren Erg\u00e4nzung jeder Landschaft. Ganz zu schweigen von der Freude, die Sie im Inneren erleben k\u00f6nnen.<\/p>\n","protected":false},"excerpt":{"rendered":"<p>Unser atemberaubendes 70 m\u00b2 gro\u00dfes Wohnhausdesign \u201eLunar Cabin\u201c ist hell, luftig und kunstvoll gestaltet und wird zu Ihrem ultimativen Ort der Erholung. Das schr\u00e4ge Dach verleiht dem Gesamtdesign eine ansprechende architektonische Struktur.<\/p>\n","protected":false},"featured_media":10420,"template":"","meta":{"_acf_changed":false,"inline_featured_image":false},"location":[],"type-category":[],"product_brand":[],"product_cat":[75],"product_tag":[],"class_list":{"0":"post-5350","1":"product","2":"type-product","3":"status-publish","4":"has-post-thumbnail","6":"product_cat-holzhauser-fur-wohnzwecke","8":"first","9":"instock","10":"taxable","11":"shipping-taxable","12":"purchasable","13":"product-type-variable","14":"has-default-attributes"},"acf":[],"_links":{"self":[{"href":"https:\/\/nidaloghouses.com\/de\/wp-json\/wp\/v2\/product\/5350","targetHints":{"allow":["GET"]}}],"collection":[{"href":"https:\/\/nidaloghouses.com\/de\/wp-json\/wp\/v2\/product"}],"about":[{"href":"https:\/\/nidaloghouses.com\/de\/wp-json\/wp\/v2\/types\/product"}],"wp:featuredmedia":[{"embeddable":true,"href":"https:\/\/nidaloghouses.com\/de\/wp-json\/wp\/v2\/media\/10420"}],"wp:attachment":[{"href":"https:\/\/nidaloghouses.com\/de\/wp-json\/wp\/v2\/media?parent=5350"}],"wp:term":[{"taxonomy":"location","embeddable":true,"href":"https:\/\/nidaloghouses.com\/de\/wp-json\/wp\/v2\/location?post=5350"},{"taxonomy":"type-category","embeddable":true,"href":"https:\/\/nidaloghouses.com\/de\/wp-json\/wp\/v2\/type-category?post=5350"},{"taxonomy":"product_brand","embeddable":true,"href":"https:\/\/nidaloghouses.com\/de\/wp-json\/wp\/v2\/product_brand?post=5350"},{"taxonomy":"product_cat","embeddable":true,"href":"https:\/\/nidaloghouses.com\/de\/wp-json\/wp\/v2\/product_cat?post=5350"},{"taxonomy":"product_tag","embeddable":true,"href":"https:\/\/nidaloghouses.com\/de\/wp-json\/wp\/v2\/product_tag?post=5350"}],"curies":[{"name":"wp","href":"https:\/\/api.w.org\/{rel}","templated":true}]}}