{"id":5342,"date":"2024-02-25T21:27:41","date_gmt":"2024-02-25T21:27:41","guid":{"rendered":"https:\/\/nidaloghouses.com\/product\/creek-comfort\/"},"modified":"2025-06-12T11:08:09","modified_gmt":"2025-06-12T11:08:09","slug":"creek-comfort","status":"publish","type":"product","link":"https:\/\/nidaloghouses.com\/de\/catalogue\/holzhauser-fur-wohnzwecke\/creek-comfort\/","title":{"rendered":"Creek Comfort"},"content":{"rendered":"<p>Die Innenausstattung des Blockhauses \u201eCreek Comfort\u201d wurde sorgf\u00e4ltig ausgew\u00e4hlt, um eine perfekte Balance zwischen Komfort und Naturverbundenheit zu schaffen und Ihnen in Ihrem Blockhaus-Refugium das ultimative R\u00fcckzugserlebnis zu bieten. Die 33 m\u00b2 gro\u00dfe Wohnfl\u00e4che ist praktisch in f\u00fcnf R\u00e4ume unterteilt, in denen Ihre Familie Platz findet und Sie gemeinsam Zeit verbringen k\u00f6nnen.<\/p>\n","protected":false},"excerpt":{"rendered":"<p>Die Innenausstattung des Blockhauses \u201eCreek Comfort\u201d wurde sorgf\u00e4ltig ausgew\u00e4hlt, um eine perfekte Balance zwischen Komfort und Naturverbundenheit zu schaffen und Ihnen in Ihrem Blockhaus-Refugium das ultimative R\u00fcckzugserlebnis zu bieten. Die 33 m\u00b2 gro\u00dfe Wohnfl\u00e4che ist praktisch in f\u00fcnf R\u00e4ume unterteilt, in denen Ihre Familie Platz findet und Sie gemeinsam Zeit verbringen k\u00f6nnen.<\/p>\n","protected":false},"featured_media":10432,"template":"","meta":{"_acf_changed":false,"inline_featured_image":false},"location":[],"type-category":[],"product_brand":[],"product_cat":[75,82],"product_tag":[],"class_list":{"0":"post-5342","1":"product","2":"type-product","3":"status-publish","4":"has-post-thumbnail","6":"product_cat-holzhauser-fur-wohnzwecke","7":"product_cat-blockhutten","9":"first","10":"instock","11":"taxable","12":"shipping-taxable","13":"purchasable","14":"product-type-variable"},"acf":[],"_links":{"self":[{"href":"https:\/\/nidaloghouses.com\/de\/wp-json\/wp\/v2\/product\/5342","targetHints":{"allow":["GET"]}}],"collection":[{"href":"https:\/\/nidaloghouses.com\/de\/wp-json\/wp\/v2\/product"}],"about":[{"href":"https:\/\/nidaloghouses.com\/de\/wp-json\/wp\/v2\/types\/product"}],"wp:featuredmedia":[{"embeddable":true,"href":"https:\/\/nidaloghouses.com\/de\/wp-json\/wp\/v2\/media\/10432"}],"wp:attachment":[{"href":"https:\/\/nidaloghouses.com\/de\/wp-json\/wp\/v2\/media?parent=5342"}],"wp:term":[{"taxonomy":"location","embeddable":true,"href":"https:\/\/nidaloghouses.com\/de\/wp-json\/wp\/v2\/location?post=5342"},{"taxonomy":"type-category","embeddable":true,"href":"https:\/\/nidaloghouses.com\/de\/wp-json\/wp\/v2\/type-category?post=5342"},{"taxonomy":"product_brand","embeddable":true,"href":"https:\/\/nidaloghouses.com\/de\/wp-json\/wp\/v2\/product_brand?post=5342"},{"taxonomy":"product_cat","embeddable":true,"href":"https:\/\/nidaloghouses.com\/de\/wp-json\/wp\/v2\/product_cat?post=5342"},{"taxonomy":"product_tag","embeddable":true,"href":"https:\/\/nidaloghouses.com\/de\/wp-json\/wp\/v2\/product_tag?post=5342"}],"curies":[{"name":"wp","href":"https:\/\/api.w.org\/{rel}","templated":true}]}}