{"id":5334,"date":"2024-02-25T21:34:12","date_gmt":"2024-02-25T21:34:12","guid":{"rendered":"https:\/\/nidaloghouses.com\/product\/moosy-joy\/"},"modified":"2025-06-12T11:05:30","modified_gmt":"2025-06-12T11:05:30","slug":"moosy-joy","status":"publish","type":"product","link":"https:\/\/nidaloghouses.com\/de\/catalogue\/blockhauser\/moosy-joy\/","title":{"rendered":"Moosy Joy"},"content":{"rendered":"<p>Unglaublich charmante Wohnfl\u00e4che von 25 m\u00b2 Moosy Joy hat den Traum vom perfekten Leben in einem Blockhaus verwirklicht. Das schr\u00e4ge Dach \u00fcberspannt drei separate R\u00e4ume, die Ihnen viel Komfort bieten. Die doppelseitigen Glast\u00fcren und strategisch platzierten Fenster lassen viel Tageslicht herein und schaffen eine luftige und erfrischende Atmosph\u00e4re. Und was gibt es Gem\u00fctlicheres, als morgens eine Tasse Tee oder Kaffee auf der sch\u00f6nen Terrasse zu genie\u00dfen?<\/p>\n","protected":false},"excerpt":{"rendered":"<p>Unglaublich charmante Wohnfl\u00e4che von 25 m\u00b2 Moosy Joy hat den Traum vom perfekten Leben in einem Blockhaus verwirklicht. Das schr\u00e4ge Dach umfasst drei separate R\u00e4ume f\u00fcr Ihren Komfort.<\/p>\n","protected":false},"featured_media":10444,"template":"","meta":{"_acf_changed":false,"inline_featured_image":false},"location":[],"type-category":[],"product_brand":[],"product_cat":[77],"product_tag":[],"class_list":{"0":"post-5334","1":"product","2":"type-product","3":"status-publish","4":"has-post-thumbnail","6":"product_cat-blockhauser","8":"first","9":"instock","10":"taxable","11":"shipping-taxable","12":"purchasable","13":"product-type-variable"},"acf":[],"_links":{"self":[{"href":"https:\/\/nidaloghouses.com\/de\/wp-json\/wp\/v2\/product\/5334","targetHints":{"allow":["GET"]}}],"collection":[{"href":"https:\/\/nidaloghouses.com\/de\/wp-json\/wp\/v2\/product"}],"about":[{"href":"https:\/\/nidaloghouses.com\/de\/wp-json\/wp\/v2\/types\/product"}],"wp:featuredmedia":[{"embeddable":true,"href":"https:\/\/nidaloghouses.com\/de\/wp-json\/wp\/v2\/media\/10444"}],"wp:attachment":[{"href":"https:\/\/nidaloghouses.com\/de\/wp-json\/wp\/v2\/media?parent=5334"}],"wp:term":[{"taxonomy":"location","embeddable":true,"href":"https:\/\/nidaloghouses.com\/de\/wp-json\/wp\/v2\/location?post=5334"},{"taxonomy":"type-category","embeddable":true,"href":"https:\/\/nidaloghouses.com\/de\/wp-json\/wp\/v2\/type-category?post=5334"},{"taxonomy":"product_brand","embeddable":true,"href":"https:\/\/nidaloghouses.com\/de\/wp-json\/wp\/v2\/product_brand?post=5334"},{"taxonomy":"product_cat","embeddable":true,"href":"https:\/\/nidaloghouses.com\/de\/wp-json\/wp\/v2\/product_cat?post=5334"},{"taxonomy":"product_tag","embeddable":true,"href":"https:\/\/nidaloghouses.com\/de\/wp-json\/wp\/v2\/product_tag?post=5334"}],"curies":[{"name":"wp","href":"https:\/\/api.w.org\/{rel}","templated":true}]}}