{"id":5325,"date":"2024-02-25T21:37:33","date_gmt":"2024-02-25T21:37:33","guid":{"rendered":"https:\/\/nidaloghouses.com\/product\/hazel-groove\/"},"modified":"2025-06-12T11:04:13","modified_gmt":"2025-06-12T11:04:13","slug":"hazel-groove","status":"publish","type":"product","link":"https:\/\/nidaloghouses.com\/de\/catalogue\/blockhauser\/hazel-groove\/","title":{"rendered":"Hazel Groove"},"content":{"rendered":"<p>Die gut durchdachte Innenarchitektur des Blockhauses \u201eHazel Groove\u201c sorgt f\u00fcr eine perfekte Harmonie zwischen Komfort und der Sch\u00f6nheit der Natur. Die 26 m\u00b2 gro\u00dfe Wohnfl\u00e4che ist praktisch in vier R\u00e4ume aufgeteilt. Zahlreiche Fenster sorgen f\u00fcr viel Tageslicht, sodass Sie in Ihrem ganz pers\u00f6nlichen Blockhausparadies absolute Entspannung genie\u00dfen k\u00f6nnen.<\/p>\n","protected":false},"excerpt":{"rendered":"<p>Die gut durchdachte Innenarchitektur des Blockhauses \u201eHazel Groove\u201c sorgt f\u00fcr eine perfekte Harmonie zwischen Komfort und der Sch\u00f6nheit der Natur. Die 26 m\u00b2 gro\u00dfe Wohnfl\u00e4che ist praktisch in vier R\u00e4ume aufgeteilt.<\/p>\n","protected":false},"featured_media":10456,"template":"","meta":{"_acf_changed":false,"inline_featured_image":false},"location":[],"type-category":[],"product_brand":[],"product_cat":[77],"product_tag":[],"class_list":{"0":"post-5325","1":"product","2":"type-product","3":"status-publish","4":"has-post-thumbnail","6":"product_cat-blockhauser","8":"first","9":"instock","10":"taxable","11":"shipping-taxable","12":"purchasable","13":"product-type-variable"},"acf":[],"_links":{"self":[{"href":"https:\/\/nidaloghouses.com\/de\/wp-json\/wp\/v2\/product\/5325","targetHints":{"allow":["GET"]}}],"collection":[{"href":"https:\/\/nidaloghouses.com\/de\/wp-json\/wp\/v2\/product"}],"about":[{"href":"https:\/\/nidaloghouses.com\/de\/wp-json\/wp\/v2\/types\/product"}],"wp:featuredmedia":[{"embeddable":true,"href":"https:\/\/nidaloghouses.com\/de\/wp-json\/wp\/v2\/media\/10456"}],"wp:attachment":[{"href":"https:\/\/nidaloghouses.com\/de\/wp-json\/wp\/v2\/media?parent=5325"}],"wp:term":[{"taxonomy":"location","embeddable":true,"href":"https:\/\/nidaloghouses.com\/de\/wp-json\/wp\/v2\/location?post=5325"},{"taxonomy":"type-category","embeddable":true,"href":"https:\/\/nidaloghouses.com\/de\/wp-json\/wp\/v2\/type-category?post=5325"},{"taxonomy":"product_brand","embeddable":true,"href":"https:\/\/nidaloghouses.com\/de\/wp-json\/wp\/v2\/product_brand?post=5325"},{"taxonomy":"product_cat","embeddable":true,"href":"https:\/\/nidaloghouses.com\/de\/wp-json\/wp\/v2\/product_cat?post=5325"},{"taxonomy":"product_tag","embeddable":true,"href":"https:\/\/nidaloghouses.com\/de\/wp-json\/wp\/v2\/product_tag?post=5325"}],"curies":[{"name":"wp","href":"https:\/\/api.w.org\/{rel}","templated":true}]}}