{"id":5316,"date":"2024-02-25T21:41:16","date_gmt":"2024-02-25T21:41:16","guid":{"rendered":"https:\/\/nidaloghouses.com\/product\/forest-kingdom\/"},"modified":"2025-06-12T11:02:52","modified_gmt":"2025-06-12T11:02:52","slug":"forest-kingdom","status":"publish","type":"product","link":"https:\/\/nidaloghouses.com\/de\/catalogue\/blockhauser\/forest-kingdom\/","title":{"rendered":"Forest Kingdom"},"content":{"rendered":"<p>Das Blockhaus \u201eForest Kingdom\u201c scheint direkt aus einem M\u00e4rchenbuch entsprungen zu sein. Mit seinem charmanten Design und seiner au\u00dfergew\u00f6hnlichen Qualit\u00e4t wird es sicher zu Ihrem Lieblingsort f\u00fcr Sommerurlaube und Wochenendausfl\u00fcge. Auf 42 m\u00b2 Wohnfl\u00e4che finden Sie alles, was Sie brauchen, um sich mit Ihren Lieben inmitten der Natur zu entspannen.<\/p>\n","protected":false},"excerpt":{"rendered":"<p>Das Blockhaus \u201eWaldreich\u201c scheint direkt aus einem M\u00e4rchenbuch entsprungen zu sein. Auf 42 m\u00b2 Wohnfl\u00e4che finden Sie alles, was Sie brauchen, um sich mit Ihren Liebsten inmitten der Natur zu entspannen.<\/p>\n","protected":false},"featured_media":10468,"template":"","meta":{"_acf_changed":false,"inline_featured_image":false},"location":[],"type-category":[],"product_brand":[],"product_cat":[77],"product_tag":[],"class_list":{"0":"post-5316","1":"product","2":"type-product","3":"status-publish","4":"has-post-thumbnail","6":"product_cat-blockhauser","8":"first","9":"instock","10":"taxable","11":"shipping-taxable","12":"purchasable","13":"product-type-variable","14":"has-default-attributes"},"acf":[],"_links":{"self":[{"href":"https:\/\/nidaloghouses.com\/de\/wp-json\/wp\/v2\/product\/5316","targetHints":{"allow":["GET"]}}],"collection":[{"href":"https:\/\/nidaloghouses.com\/de\/wp-json\/wp\/v2\/product"}],"about":[{"href":"https:\/\/nidaloghouses.com\/de\/wp-json\/wp\/v2\/types\/product"}],"wp:featuredmedia":[{"embeddable":true,"href":"https:\/\/nidaloghouses.com\/de\/wp-json\/wp\/v2\/media\/10468"}],"wp:attachment":[{"href":"https:\/\/nidaloghouses.com\/de\/wp-json\/wp\/v2\/media?parent=5316"}],"wp:term":[{"taxonomy":"location","embeddable":true,"href":"https:\/\/nidaloghouses.com\/de\/wp-json\/wp\/v2\/location?post=5316"},{"taxonomy":"type-category","embeddable":true,"href":"https:\/\/nidaloghouses.com\/de\/wp-json\/wp\/v2\/type-category?post=5316"},{"taxonomy":"product_brand","embeddable":true,"href":"https:\/\/nidaloghouses.com\/de\/wp-json\/wp\/v2\/product_brand?post=5316"},{"taxonomy":"product_cat","embeddable":true,"href":"https:\/\/nidaloghouses.com\/de\/wp-json\/wp\/v2\/product_cat?post=5316"},{"taxonomy":"product_tag","embeddable":true,"href":"https:\/\/nidaloghouses.com\/de\/wp-json\/wp\/v2\/product_tag?post=5316"}],"curies":[{"name":"wp","href":"https:\/\/api.w.org\/{rel}","templated":true}]}}