{"id":5303,"date":"2024-02-25T21:44:08","date_gmt":"2024-02-25T21:44:08","guid":{"rendered":"https:\/\/nidaloghouses.com\/product\/rustic-refuge\/"},"modified":"2025-06-12T11:01:16","modified_gmt":"2025-06-12T11:01:16","slug":"rustic-refuge","status":"publish","type":"product","link":"https:\/\/nidaloghouses.com\/de\/catalogue\/gartenraume\/rustic-refuge\/","title":{"rendered":"Rustic Refuge"},"content":{"rendered":"<p>Die riesigen Fenster an der Vorderseite der Blockh\u00fctte \u201eRustic Refuge\u201c lassen wundersch\u00f6nes Tageslicht in jeden Winkel und schaffen eine warme und einladende Atmosph\u00e4re. Stellen Sie sich vor, Sie sitzen mit einer Tasse Kaffee in Ihrem Lieblingssessel, beobachten den Sonnenaufgang durch diese Fenster und f\u00fchlen sich eins mit der Natur. Je nach Bedarf stehen Wohnfl\u00e4chen von 10 bis 20 m\u00b2 zur Auswahl.<\/p>\n","protected":false},"excerpt":{"rendered":"<p>Die gro\u00dfen Fenster an der Vorderseite der Blockh\u00fctte \u201eRustic Refuge\u201c lassen wundersch\u00f6nes Tageslicht in jeden Winkel und schaffen eine warme und einladende Atmosph\u00e4re. Je nach Bedarf stehen Wohnfl\u00e4chen zwischen 10 und 20 m\u00b2 zur Auswahl.<\/p>\n","protected":false},"featured_media":10735,"template":"","meta":{"_acf_changed":false,"inline_featured_image":false},"location":[],"type-category":[],"product_brand":[],"product_cat":[84],"product_tag":[],"class_list":{"0":"post-5303","1":"product","2":"type-product","3":"status-publish","4":"has-post-thumbnail","6":"product_cat-gartenraume","8":"first","9":"instock","10":"taxable","11":"shipping-taxable","12":"purchasable","13":"product-type-variable"},"acf":[],"_links":{"self":[{"href":"https:\/\/nidaloghouses.com\/de\/wp-json\/wp\/v2\/product\/5303","targetHints":{"allow":["GET"]}}],"collection":[{"href":"https:\/\/nidaloghouses.com\/de\/wp-json\/wp\/v2\/product"}],"about":[{"href":"https:\/\/nidaloghouses.com\/de\/wp-json\/wp\/v2\/types\/product"}],"wp:featuredmedia":[{"embeddable":true,"href":"https:\/\/nidaloghouses.com\/de\/wp-json\/wp\/v2\/media\/10735"}],"wp:attachment":[{"href":"https:\/\/nidaloghouses.com\/de\/wp-json\/wp\/v2\/media?parent=5303"}],"wp:term":[{"taxonomy":"location","embeddable":true,"href":"https:\/\/nidaloghouses.com\/de\/wp-json\/wp\/v2\/location?post=5303"},{"taxonomy":"type-category","embeddable":true,"href":"https:\/\/nidaloghouses.com\/de\/wp-json\/wp\/v2\/type-category?post=5303"},{"taxonomy":"product_brand","embeddable":true,"href":"https:\/\/nidaloghouses.com\/de\/wp-json\/wp\/v2\/product_brand?post=5303"},{"taxonomy":"product_cat","embeddable":true,"href":"https:\/\/nidaloghouses.com\/de\/wp-json\/wp\/v2\/product_cat?post=5303"},{"taxonomy":"product_tag","embeddable":true,"href":"https:\/\/nidaloghouses.com\/de\/wp-json\/wp\/v2\/product_tag?post=5303"}],"curies":[{"name":"wp","href":"https:\/\/api.w.org\/{rel}","templated":true}]}}