{"id":5284,"date":"2024-02-25T21:53:18","date_gmt":"2024-02-25T21:53:18","guid":{"rendered":"https:\/\/nidaloghouses.com\/product\/meadow-mansion\/"},"modified":"2025-06-12T10:59:43","modified_gmt":"2025-06-12T10:59:43","slug":"meadow-mansion","status":"publish","type":"product","link":"https:\/\/nidaloghouses.com\/de\/catalogue\/gartenraume\/meadow-mansion\/","title":{"rendered":"Meadow Mansion"},"content":{"rendered":"<p>Mit doppelseitigen Glast\u00fcren und kleineren Fenstern ist dieses Blockhaus lichtdurchflutet und strahlt eine helle und einladende Atmosph\u00e4re aus. Das Meadow Mansion ist perfekt angelegt, um Ihr ultimativer R\u00fcckzugsort f\u00fcr Ihre Freizeit zu werden. Dieses Haus verf\u00fcgt \u00fcber alle notwendigen Ausstattungsmerkmale f\u00fcr einen komfortablen und unvergesslichen Aufenthalt. Je nach Ihren Bed\u00fcrfnissen stehen Ihnen Wohnfl\u00e4chen von 10 bis 27 m\u00b2 zur Auswahl.<\/p>\n","protected":false},"excerpt":{"rendered":"<p>Dieses Blockhaus ist lichtdurchflutet und strahlt eine helle und einladende Atmosph\u00e4re aus. Die Meadow Mansion ist perfekt angelegt, um Ihr ultimativer R\u00fcckzugsort f\u00fcr Ihre Freizeit zu werden. Je nach Ihren Bed\u00fcrfnissen stehen Ihnen Wohnfl\u00e4chen von 10 bis 27 m\u00b2 zur Auswahl.<\/p>\n","protected":false},"featured_media":10750,"template":"","meta":{"_acf_changed":false,"inline_featured_image":false},"location":[],"type-category":[],"product_brand":[],"product_cat":[84],"product_tag":[],"class_list":{"0":"post-5284","1":"product","2":"type-product","3":"status-publish","4":"has-post-thumbnail","6":"product_cat-gartenraume","8":"first","9":"instock","10":"taxable","11":"shipping-taxable","12":"purchasable","13":"product-type-variable"},"acf":[],"_links":{"self":[{"href":"https:\/\/nidaloghouses.com\/de\/wp-json\/wp\/v2\/product\/5284","targetHints":{"allow":["GET"]}}],"collection":[{"href":"https:\/\/nidaloghouses.com\/de\/wp-json\/wp\/v2\/product"}],"about":[{"href":"https:\/\/nidaloghouses.com\/de\/wp-json\/wp\/v2\/types\/product"}],"wp:featuredmedia":[{"embeddable":true,"href":"https:\/\/nidaloghouses.com\/de\/wp-json\/wp\/v2\/media\/10750"}],"wp:attachment":[{"href":"https:\/\/nidaloghouses.com\/de\/wp-json\/wp\/v2\/media?parent=5284"}],"wp:term":[{"taxonomy":"location","embeddable":true,"href":"https:\/\/nidaloghouses.com\/de\/wp-json\/wp\/v2\/location?post=5284"},{"taxonomy":"type-category","embeddable":true,"href":"https:\/\/nidaloghouses.com\/de\/wp-json\/wp\/v2\/type-category?post=5284"},{"taxonomy":"product_brand","embeddable":true,"href":"https:\/\/nidaloghouses.com\/de\/wp-json\/wp\/v2\/product_brand?post=5284"},{"taxonomy":"product_cat","embeddable":true,"href":"https:\/\/nidaloghouses.com\/de\/wp-json\/wp\/v2\/product_cat?post=5284"},{"taxonomy":"product_tag","embeddable":true,"href":"https:\/\/nidaloghouses.com\/de\/wp-json\/wp\/v2\/product_tag?post=5284"}],"curies":[{"name":"wp","href":"https:\/\/api.w.org\/{rel}","templated":true}]}}